{"id":176,"date":"2024-04-29T01:17:42","date_gmt":"2024-04-29T01:17:42","guid":{"rendered":"https:\/\/gzs06.zappacorp.com\/?page_id=176"},"modified":"2024-05-07T00:28:47","modified_gmt":"2024-05-07T00:28:47","slug":"associacoes-entre-gatos-e-cafes","status":"publish","type":"page","link":"https:\/\/gzs06.zappacorp.com\/index.php\/associacoes-entre-gatos-e-cafes\/","title":{"rendered":"Associa\u00e7\u00f5es entre gatos e caf\u00e9s"},"content":{"rendered":"\n<figure class=\"wp-block-image size-full is-resized\"><img loading=\"lazy\" decoding=\"async\" width=\"721\" height=\"720\" src=\"https:\/\/gzs06.zappacorp.com\/wp-content\/uploads\/2024\/04\/cafe-e-gatos-2.jpg\" alt=\"\" class=\"wp-image-179\" style=\"width:383px;height:auto\" srcset=\"https:\/\/gzs06.zappacorp.com\/wp-content\/uploads\/2024\/04\/cafe-e-gatos-2.jpg 721w, https:\/\/gzs06.zappacorp.com\/wp-content\/uploads\/2024\/04\/cafe-e-gatos-2-300x300.jpg 300w, https:\/\/gzs06.zappacorp.com\/wp-content\/uploads\/2024\/04\/cafe-e-gatos-2-150x150.jpg 150w\" sizes=\"(max-width: 721px) 100vw, 721px\" \/><\/figure>\n\n\n\n<h3 class=\"wp-block-heading\">Algumas associa\u00e7\u00f5es interessantes entre gatos e caf\u00e9 <\/h3>\n\n\n\n<p>Com isso temos algumas associa\u00e7\u00f5es relevantes entre gatos e caf\u00e9  , <a href=\"https:\/\/guiaviajarmelhor.com.br\/conheca-os-cat-cafes-as-cafeterias-para-quem-ama-felinos\/\">Conhe\u00e7a os Cat Caf\u00e9s: as cafeterias para quem ama felinos temos<\/a>: <\/p>\n\n\n\n<p>1.Cat Caf\u00e9s e Ado\u00e7\u00e3o: Muitos Cat Caf\u00e9s funcionam como abrigos tempor\u00e1rios para gatos resgatados. Eles cobram uma pequena taxa dos visitantes interessados em interagir com os bichanos. Esse valor ajuda a financiar o espa\u00e7o e garante que os gatos sejam tratados com os devidos cuidados.<\/p>\n\n\n\n<p>2.Cat Caf\u00e9s e ONGs: Quase todos os Cat Caf\u00e9s possuem parceria com ONGs, que ficam respons\u00e1veis pelo cuidado e processo de ado\u00e7\u00e3o dos gatinhos.<\/p>\n\n\n\n<p>3.Cat Caf\u00e9s e Empreendedorismo: Cat Caf\u00e9s s\u00e3o um exemplo de empreendedorismo inovador. Por exemplo, a Gato Caf\u00e9 no Rio de Janeiro, Brasil, faturou R$ 2,5 milh\u00f5es em 2023 e ajudou na ado\u00e7\u00e3o de mais de 550 gatinhos.<\/p>\n\n\n\n<p>4. Cat Caf\u00e9s e Produtos Tem\u00e1ticos: Muitos Cat Caf\u00e9s vendem lembrancinhas, como botons, bolsas e canecas, cuja renda \u00e9 destinada a manter o abrigo funcionando. <\/p>\n\n\n\n<figure class=\"wp-block-image size-full is-resized\"><img loading=\"lazy\" decoding=\"async\" width=\"713\" height=\"720\" src=\"https:\/\/gzs06.zappacorp.com\/wp-content\/uploads\/2024\/04\/cafe-e-gatos-1.jpg\" alt=\"\" class=\"wp-image-178\" style=\"width:403px;height:auto\" srcset=\"https:\/\/gzs06.zappacorp.com\/wp-content\/uploads\/2024\/04\/cafe-e-gatos-1.jpg 713w, https:\/\/gzs06.zappacorp.com\/wp-content\/uploads\/2024\/04\/cafe-e-gatos-1-297x300.jpg 297w, https:\/\/gzs06.zappacorp.com\/wp-content\/uploads\/2024\/04\/cafe-e-gatos-1-150x150.jpg 150w\" sizes=\"(max-width: 713px) 100vw, 713px\" \/><\/figure>\n\n\n\n<h3 class=\"wp-block-heading\">O que seriam os Cat Caf\u00e9s ?<\/h3>\n\n\n\n<p>Os&nbsp;cat caf\u00e9s&nbsp;s\u00e3o estabelecimentos que combinam o amor pelo caf\u00e9 com a afei\u00e7\u00e3o pelos gatos. Neles, os frequentadores podem interagir com os felinos enquanto desfrutam de uma boa x\u00edcara de caf\u00e9. Embora o conceito tenha ganhado popularidade recentemente, j\u00e1 existe h\u00e1 pelo menos 20 anos. Dessa forma, o primeiro cat caf\u00e9 surgiu em Taiwan, em 1998, com o nome \u201cCat Flower Garden\u201d, e rapidamente se tornou uma atra\u00e7\u00e3o tur\u00edstica para visitantes de v\u00e1rias nacionalidades. No Jap\u00e3o, onde muitas resid\u00eancias s\u00e3o pequenas e n\u00e3o permitem animais de estima\u00e7\u00e3o, essas cafeterias se tornaram locais importantes para os jovens em busca de carinho e intera\u00e7\u00e3o com os pets. Al\u00e9m disso, &nbsp;atualmente o Jap\u00e3o conta com&nbsp;150 cat caf\u00e9s&nbsp;espalhados por todo o territ\u00f3rio.<\/p>\n\n\n\n<p>Al\u00e9m de proporcionar um ambiente agrad\u00e1vel para que se possa haver intera\u00e7\u00f5es entre gatos e caf\u00e9 e tamb\u00e9m para apreciar caf\u00e9 na companhia de gatos, esses espa\u00e7os tamb\u00e9m desempenham uma&nbsp;fun\u00e7\u00e3o social importante. Eles ajudam a unir os animais aos seus futuros donos por meio da&nbsp;ado\u00e7\u00e3o. Por exemplo, o&nbsp;Betina Caf\u00e9, em Bras\u00edlia, mediou a ado\u00e7\u00e3o de&nbsp;10 felinos&nbsp;nas primeiras 5 semanas de abertura. No&nbsp;Rio de Janeiro, o&nbsp;Gato Caf\u00e9, localizado no Shopping Via Parque, atua em parceria com a&nbsp;ONG Focinhos de Luz, unindo os bichanos a poss\u00edveis adotantes. Esses cat caf\u00e9s quebram preconceitos, permitindo que as pessoas interajam com os animais e criem v\u00ednculos genu\u00ednos. A ado\u00e7\u00e3o n\u00e3o se baseia apenas na cor ou pelagem do gato, mas sim na conex\u00e3o estabelecida entre o animal e o futuro dono. Mais de&nbsp;80 animais&nbsp;j\u00e1 encontraram novos lares por meio dessa parceria. Para que assim haja a associa\u00e7\u00e3o entre gatos e caf\u00e9. <\/p>\n\n\n\n<div class=\"wp-block-contact-form-7-contact-form-selector\">\n<div class=\"wpcf7 no-js\" id=\"wpcf7-f227-o1\" lang=\"pt-BR\" dir=\"ltr\">\n<div class=\"screen-reader-response\"><p role=\"status\" aria-live=\"polite\" aria-atomic=\"true\"><\/p> <ul><\/ul><\/div>\n<form action=\"\/index.php\/wp-json\/wp\/v2\/pages\/176#wpcf7-f227-o1\" method=\"post\" class=\"wpcf7-form init\" aria-label=\"Formul\u00e1rios de contato\" novalidate=\"novalidate\" data-status=\"init\">\n<div style=\"display: none;\">\n<input type=\"hidden\" name=\"_wpcf7\" value=\"227\" \/>\n<input type=\"hidden\" name=\"_wpcf7_version\" value=\"5.9.3\" \/>\n<input type=\"hidden\" name=\"_wpcf7_locale\" value=\"pt_BR\" \/>\n<input type=\"hidden\" name=\"_wpcf7_unit_tag\" value=\"wpcf7-f227-o1\" \/>\n<input type=\"hidden\" name=\"_wpcf7_container_post\" value=\"0\" \/>\n<input type=\"hidden\" name=\"_wpcf7_posted_data_hash\" value=\"\" \/>\n<\/div>\n<p><label> Seu nome<br \/>\n<span class=\"wpcf7-form-control-wrap\" data-name=\"your-name\"><input size=\"40\" class=\"wpcf7-form-control wpcf7-text wpcf7-validates-as-required\" autocomplete=\"name\" aria-required=\"true\" aria-invalid=\"false\" value=\"\" type=\"text\" name=\"your-name\" \/><\/span> <\/label>\n<\/p>\n<p><label> Seu e-mail<br \/>\n<span class=\"wpcf7-form-control-wrap\" data-name=\"your-email\"><input size=\"40\" class=\"wpcf7-form-control wpcf7-email wpcf7-validates-as-required wpcf7-text wpcf7-validates-as-email\" autocomplete=\"email\" aria-required=\"true\" aria-invalid=\"false\" value=\"\" type=\"email\" name=\"your-email\" \/><\/span> <\/label>\n<\/p>\n<p><label> Cidade<br \/>\n<span class=\"wpcf7-form-control-wrap\" data-name=\"your-subject\"><input size=\"40\" class=\"wpcf7-form-control wpcf7-text wpcf7-validates-as-required\" aria-required=\"true\" aria-invalid=\"false\" value=\"\" type=\"text\" name=\"your-subject\" \/><\/span> <\/label>\n<\/p>\n<p><label> Voc\u00ea acha que os Cat caf\u00e9 s\u00e3o importantes na quest\u00e3o de promover da ado\u00e7\u00e3o <\/label>\n<\/p>\n<p><span class=\"wpcf7-form-control-wrap\" data-name=\"radio-973\"><span class=\"wpcf7-form-control wpcf7-radio\"><span class=\"wpcf7-list-item first\"><label><input type=\"radio\" name=\"radio-973\" value=\"Sim\" checked=\"checked\" \/><span class=\"wpcf7-list-item-label\">Sim<\/span><\/label><\/span><span class=\"wpcf7-list-item last\"><label><input type=\"radio\" name=\"radio-973\" value=\"N\u00e3o\" \/><span class=\"wpcf7-list-item-label\">N\u00e3o<\/span><\/label><\/span><\/span><\/span>\n<\/p>\n<p><label> O que voc\u00ea acredita ser interessante realizar para melhorar a associa\u00e7\u00e3o entre o caf\u00e9 e ado\u00e7\u00e3o de gatos? (deixe sua sugest\u00e3o)<br \/>\n<span class=\"wpcf7-form-control-wrap\" data-name=\"your-message\"><textarea cols=\"40\" rows=\"10\" class=\"wpcf7-form-control wpcf7-textarea\" aria-invalid=\"false\" name=\"your-message\"><\/textarea><\/span> <\/label>\n<\/p>\n<p><input class=\"wpcf7-form-control wpcf7-submit has-spinner\" type=\"submit\" value=\"Enviar\" \/>\n<\/p><div class=\"wpcf7-response-output\" aria-hidden=\"true\"><\/div>\n<\/form>\n<\/div>\n<\/div>\n","protected":false},"excerpt":{"rendered":"<p>Algumas associa\u00e7\u00f5es interessantes entre gatos e caf\u00e9 Com isso temos algumas associa\u00e7\u00f5es relevantes entre gatos e caf\u00e9 , Conhe\u00e7a os Cat Caf\u00e9s: as cafeterias para quem ama felinos temos: 1.Cat Caf\u00e9s e Ado\u00e7\u00e3o: Muitos Cat Caf\u00e9s funcionam como abrigos tempor\u00e1rios para gatos resgatados. Eles cobram uma pequena taxa dos visitantes interessados em interagir com os [&hellip;]<\/p>\n","protected":false},"author":3,"featured_media":0,"parent":0,"menu_order":0,"comment_status":"closed","ping_status":"closed","template":"","meta":{"saved_in_kubio":false,"footnotes":""},"kubio_ai_page_context":{"short_desc":"","purpose":"general"},"yoast_head":"<!-- This site is optimized with the Yoast SEO plugin v22.6 - https:\/\/yoast.com\/wordpress\/plugins\/seo\/ -->\n<title>Associa\u00e7\u00f5es entre gatos e caf\u00e9s - Catffeine<\/title>\n<meta name=\"description\" content=\"Para que haja associa\u00e7\u00f5es entre gatos e caf\u00e9 a intera\u00e7\u00e3o dos felinos e dos frequentadores enquanto desfrutam de uma boa x\u00edcara de caf\u00e9.\" \/>\n<meta name=\"robots\" content=\"index, follow, max-snippet:-1, max-image-preview:large, max-video-preview:-1\" \/>\n<link rel=\"canonical\" href=\"https:\/\/gzs06.zappacorp.com\/index.php\/associacoes-entre-gatos-e-cafes\/\" \/>\n<meta property=\"og:locale\" content=\"pt_BR\" \/>\n<meta property=\"og:type\" content=\"article\" \/>\n<meta property=\"og:title\" content=\"Associa\u00e7\u00f5es entre gatos e caf\u00e9s - Catffeine\" \/>\n<meta property=\"og:description\" content=\"Para que haja associa\u00e7\u00f5es entre gatos e caf\u00e9 a intera\u00e7\u00e3o dos felinos e dos frequentadores enquanto desfrutam de uma boa x\u00edcara de caf\u00e9.\" \/>\n<meta property=\"og:url\" content=\"https:\/\/gzs06.zappacorp.com\/index.php\/associacoes-entre-gatos-e-cafes\/\" \/>\n<meta property=\"og:site_name\" content=\"Catffeine\" \/>\n<meta property=\"article:modified_time\" content=\"2024-05-07T00:28:47+00:00\" \/>\n<meta property=\"og:image\" content=\"https:\/\/gzs06.zappacorp.com\/wp-content\/uploads\/2024\/04\/cafe-e-gatos-2.jpg\" \/>\n<meta name=\"twitter:card\" content=\"summary_large_image\" \/>\n<meta name=\"twitter:label1\" content=\"Est. tempo de leitura\" \/>\n\t<meta name=\"twitter:data1\" content=\"3 minutos\" \/>\n<script type=\"application\/ld+json\" class=\"yoast-schema-graph\">{\"@context\":\"https:\/\/schema.org\",\"@graph\":[{\"@type\":\"WebPage\",\"@id\":\"https:\/\/gzs06.zappacorp.com\/index.php\/associacoes-entre-gatos-e-cafes\/\",\"url\":\"https:\/\/gzs06.zappacorp.com\/index.php\/associacoes-entre-gatos-e-cafes\/\",\"name\":\"Associa\u00e7\u00f5es entre gatos e caf\u00e9s - Catffeine\",\"isPartOf\":{\"@id\":\"https:\/\/gzs06.zappacorp.com\/#website\"},\"primaryImageOfPage\":{\"@id\":\"https:\/\/gzs06.zappacorp.com\/index.php\/associacoes-entre-gatos-e-cafes\/#primaryimage\"},\"image\":{\"@id\":\"https:\/\/gzs06.zappacorp.com\/index.php\/associacoes-entre-gatos-e-cafes\/#primaryimage\"},\"thumbnailUrl\":\"https:\/\/gzs06.zappacorp.com\/wp-content\/uploads\/2024\/04\/cafe-e-gatos-2.jpg\",\"datePublished\":\"2024-04-29T01:17:42+00:00\",\"dateModified\":\"2024-05-07T00:28:47+00:00\",\"description\":\"Para que haja associa\u00e7\u00f5es entre gatos e caf\u00e9 a intera\u00e7\u00e3o dos felinos e dos frequentadores enquanto desfrutam de uma boa x\u00edcara de caf\u00e9.\",\"breadcrumb\":{\"@id\":\"https:\/\/gzs06.zappacorp.com\/index.php\/associacoes-entre-gatos-e-cafes\/#breadcrumb\"},\"inLanguage\":\"pt-BR\",\"potentialAction\":[{\"@type\":\"ReadAction\",\"target\":[\"https:\/\/gzs06.zappacorp.com\/index.php\/associacoes-entre-gatos-e-cafes\/\"]}]},{\"@type\":\"ImageObject\",\"inLanguage\":\"pt-BR\",\"@id\":\"https:\/\/gzs06.zappacorp.com\/index.php\/associacoes-entre-gatos-e-cafes\/#primaryimage\",\"url\":\"https:\/\/gzs06.zappacorp.com\/wp-content\/uploads\/2024\/04\/cafe-e-gatos-2.jpg\",\"contentUrl\":\"https:\/\/gzs06.zappacorp.com\/wp-content\/uploads\/2024\/04\/cafe-e-gatos-2.jpg\",\"width\":721,\"height\":720},{\"@type\":\"BreadcrumbList\",\"@id\":\"https:\/\/gzs06.zappacorp.com\/index.php\/associacoes-entre-gatos-e-cafes\/#breadcrumb\",\"itemListElement\":[{\"@type\":\"ListItem\",\"position\":1,\"name\":\"In\u00edcio\",\"item\":\"https:\/\/gzs06.zappacorp.com\/\"},{\"@type\":\"ListItem\",\"position\":2,\"name\":\"Associa\u00e7\u00f5es entre gatos e caf\u00e9s\"}]},{\"@type\":\"WebSite\",\"@id\":\"https:\/\/gzs06.zappacorp.com\/#website\",\"url\":\"https:\/\/gzs06.zappacorp.com\/\",\"name\":\"Catffeine\",\"description\":\"\",\"publisher\":{\"@id\":\"https:\/\/gzs06.zappacorp.com\/#organization\"},\"potentialAction\":[{\"@type\":\"SearchAction\",\"target\":{\"@type\":\"EntryPoint\",\"urlTemplate\":\"https:\/\/gzs06.zappacorp.com\/?s={search_term_string}\"},\"query-input\":\"required name=search_term_string\"}],\"inLanguage\":\"pt-BR\"},{\"@type\":\"Organization\",\"@id\":\"https:\/\/gzs06.zappacorp.com\/#organization\",\"name\":\"Catffeine\",\"url\":\"https:\/\/gzs06.zappacorp.com\/\",\"logo\":{\"@type\":\"ImageObject\",\"inLanguage\":\"pt-BR\",\"@id\":\"https:\/\/gzs06.zappacorp.com\/#\/schema\/logo\/image\/\",\"url\":\"https:\/\/gzs06.zappacorp.com\/wp-content\/uploads\/2024\/04\/Captura-de-tela_2-4-2024_141347_.jpeg\",\"contentUrl\":\"https:\/\/gzs06.zappacorp.com\/wp-content\/uploads\/2024\/04\/Captura-de-tela_2-4-2024_141347_.jpeg\",\"width\":554,\"height\":546,\"caption\":\"Catffeine\"},\"image\":{\"@id\":\"https:\/\/gzs06.zappacorp.com\/#\/schema\/logo\/image\/\"}}]}<\/script>\n<!-- \/ Yoast SEO plugin. -->","yoast_head_json":{"title":"Associa\u00e7\u00f5es entre gatos e caf\u00e9s - Catffeine","description":"Para que haja associa\u00e7\u00f5es entre gatos e caf\u00e9 a intera\u00e7\u00e3o dos felinos e dos frequentadores enquanto desfrutam de uma boa x\u00edcara de caf\u00e9.","robots":{"index":"index","follow":"follow","max-snippet":"max-snippet:-1","max-image-preview":"max-image-preview:large","max-video-preview":"max-video-preview:-1"},"canonical":"https:\/\/gzs06.zappacorp.com\/index.php\/associacoes-entre-gatos-e-cafes\/","og_locale":"pt_BR","og_type":"article","og_title":"Associa\u00e7\u00f5es entre gatos e caf\u00e9s - Catffeine","og_description":"Para que haja associa\u00e7\u00f5es entre gatos e caf\u00e9 a intera\u00e7\u00e3o dos felinos e dos frequentadores enquanto desfrutam de uma boa x\u00edcara de caf\u00e9.","og_url":"https:\/\/gzs06.zappacorp.com\/index.php\/associacoes-entre-gatos-e-cafes\/","og_site_name":"Catffeine","article_modified_time":"2024-05-07T00:28:47+00:00","og_image":[{"url":"https:\/\/gzs06.zappacorp.com\/wp-content\/uploads\/2024\/04\/cafe-e-gatos-2.jpg"}],"twitter_card":"summary_large_image","twitter_misc":{"Est. tempo de leitura":"3 minutos"},"schema":{"@context":"https:\/\/schema.org","@graph":[{"@type":"WebPage","@id":"https:\/\/gzs06.zappacorp.com\/index.php\/associacoes-entre-gatos-e-cafes\/","url":"https:\/\/gzs06.zappacorp.com\/index.php\/associacoes-entre-gatos-e-cafes\/","name":"Associa\u00e7\u00f5es entre gatos e caf\u00e9s - Catffeine","isPartOf":{"@id":"https:\/\/gzs06.zappacorp.com\/#website"},"primaryImageOfPage":{"@id":"https:\/\/gzs06.zappacorp.com\/index.php\/associacoes-entre-gatos-e-cafes\/#primaryimage"},"image":{"@id":"https:\/\/gzs06.zappacorp.com\/index.php\/associacoes-entre-gatos-e-cafes\/#primaryimage"},"thumbnailUrl":"https:\/\/gzs06.zappacorp.com\/wp-content\/uploads\/2024\/04\/cafe-e-gatos-2.jpg","datePublished":"2024-04-29T01:17:42+00:00","dateModified":"2024-05-07T00:28:47+00:00","description":"Para que haja associa\u00e7\u00f5es entre gatos e caf\u00e9 a intera\u00e7\u00e3o dos felinos e dos frequentadores enquanto desfrutam de uma boa x\u00edcara de caf\u00e9.","breadcrumb":{"@id":"https:\/\/gzs06.zappacorp.com\/index.php\/associacoes-entre-gatos-e-cafes\/#breadcrumb"},"inLanguage":"pt-BR","potentialAction":[{"@type":"ReadAction","target":["https:\/\/gzs06.zappacorp.com\/index.php\/associacoes-entre-gatos-e-cafes\/"]}]},{"@type":"ImageObject","inLanguage":"pt-BR","@id":"https:\/\/gzs06.zappacorp.com\/index.php\/associacoes-entre-gatos-e-cafes\/#primaryimage","url":"https:\/\/gzs06.zappacorp.com\/wp-content\/uploads\/2024\/04\/cafe-e-gatos-2.jpg","contentUrl":"https:\/\/gzs06.zappacorp.com\/wp-content\/uploads\/2024\/04\/cafe-e-gatos-2.jpg","width":721,"height":720},{"@type":"BreadcrumbList","@id":"https:\/\/gzs06.zappacorp.com\/index.php\/associacoes-entre-gatos-e-cafes\/#breadcrumb","itemListElement":[{"@type":"ListItem","position":1,"name":"In\u00edcio","item":"https:\/\/gzs06.zappacorp.com\/"},{"@type":"ListItem","position":2,"name":"Associa\u00e7\u00f5es entre gatos e caf\u00e9s"}]},{"@type":"WebSite","@id":"https:\/\/gzs06.zappacorp.com\/#website","url":"https:\/\/gzs06.zappacorp.com\/","name":"Catffeine","description":"","publisher":{"@id":"https:\/\/gzs06.zappacorp.com\/#organization"},"potentialAction":[{"@type":"SearchAction","target":{"@type":"EntryPoint","urlTemplate":"https:\/\/gzs06.zappacorp.com\/?s={search_term_string}"},"query-input":"required name=search_term_string"}],"inLanguage":"pt-BR"},{"@type":"Organization","@id":"https:\/\/gzs06.zappacorp.com\/#organization","name":"Catffeine","url":"https:\/\/gzs06.zappacorp.com\/","logo":{"@type":"ImageObject","inLanguage":"pt-BR","@id":"https:\/\/gzs06.zappacorp.com\/#\/schema\/logo\/image\/","url":"https:\/\/gzs06.zappacorp.com\/wp-content\/uploads\/2024\/04\/Captura-de-tela_2-4-2024_141347_.jpeg","contentUrl":"https:\/\/gzs06.zappacorp.com\/wp-content\/uploads\/2024\/04\/Captura-de-tela_2-4-2024_141347_.jpeg","width":554,"height":546,"caption":"Catffeine"},"image":{"@id":"https:\/\/gzs06.zappacorp.com\/#\/schema\/logo\/image\/"}}]}},"_links":{"self":[{"href":"https:\/\/gzs06.zappacorp.com\/index.php\/wp-json\/wp\/v2\/pages\/176"}],"collection":[{"href":"https:\/\/gzs06.zappacorp.com\/index.php\/wp-json\/wp\/v2\/pages"}],"about":[{"href":"https:\/\/gzs06.zappacorp.com\/index.php\/wp-json\/wp\/v2\/types\/page"}],"author":[{"embeddable":true,"href":"https:\/\/gzs06.zappacorp.com\/index.php\/wp-json\/wp\/v2\/users\/3"}],"replies":[{"embeddable":true,"href":"https:\/\/gzs06.zappacorp.com\/index.php\/wp-json\/wp\/v2\/comments?post=176"}],"version-history":[{"count":7,"href":"https:\/\/gzs06.zappacorp.com\/index.php\/wp-json\/wp\/v2\/pages\/176\/revisions"}],"predecessor-version":[{"id":395,"href":"https:\/\/gzs06.zappacorp.com\/index.php\/wp-json\/wp\/v2\/pages\/176\/revisions\/395"}],"wp:attachment":[{"href":"https:\/\/gzs06.zappacorp.com\/index.php\/wp-json\/wp\/v2\/media?parent=176"}],"curies":[{"name":"wp","href":"https:\/\/api.w.org\/{rel}","templated":true}]}}