{"id":172,"date":"2024-04-29T03:03:31","date_gmt":"2024-04-29T03:03:31","guid":{"rendered":"https:\/\/gzs06.zappacorp.com\/?page_id=172"},"modified":"2024-05-06T17:29:17","modified_gmt":"2024-05-06T17:29:17","slug":"cafe-e-seus-beneficios-para-a-saude","status":"publish","type":"page","link":"https:\/\/gzs06.zappacorp.com\/index.php\/cafe-e-seus-beneficios-para-a-saude\/","title":{"rendered":"Caf\u00e9 e seus benef\u00edcios para a sa\u00fade"},"content":{"rendered":"\n<figure class=\"wp-block-image size-full is-resized\"><img loading=\"lazy\" decoding=\"async\" width=\"708\" height=\"720\" src=\"https:\/\/gzs06.zappacorp.com\/wp-content\/uploads\/2024\/04\/cafe-e-saude-.jpg\" alt=\"\" class=\"wp-image-174\" style=\"width:365px;height:auto\" srcset=\"https:\/\/gzs06.zappacorp.com\/wp-content\/uploads\/2024\/04\/cafe-e-saude-.jpg 708w, https:\/\/gzs06.zappacorp.com\/wp-content\/uploads\/2024\/04\/cafe-e-saude--295x300.jpg 295w\" sizes=\"(max-width: 708px) 100vw, 708px\" \/><\/figure>\n\n\n\n<h3 class=\"wp-block-heading\">Benef\u00edcios do Caf\u00e9 para a sa\u00fade<\/h3>\n\n\n\n<p>\u00c9 uma bebida muito popular e tem v\u00e1rios efeitos sobre a sa\u00fade, tanto positivos quanto negativos de acordo com o site <a href=\"https:\/\/www.tuasaude.com\/beneficios-do-cafe\/\">https:\/\/www.tuasaude.com\/beneficios-do-cafe\/<\/a> , alguns pontos s\u00e3o: <\/p>\n\n\n\n<p>1.Antioxidante: \u00c9 rico em \u00e1cido clorog\u00eanico, \u00e1cido cafeico e kahweol, que s\u00e3o compostos bioativos com propriedades antioxidantes. Esses compostos ajudam a combater os radicais livres, prevenindo o envelhecimento precoce.<\/p>\n\n\n\n<p>2.Melhora o humor e combate a depress\u00e3o: Cont\u00e9m cafe\u00edna, um composto que estimula o sistema nervoso central, ajudando a combater a depress\u00e3o, melhorando o humor e a disposi\u00e7\u00e3o f\u00edsica e mental.<\/p>\n\n\n\n<p>3.Melhora a mem\u00f3ria e a concentra\u00e7\u00e3o: A cafe\u00edna presente no caf\u00e9 ajuda a melhorar a mem\u00f3ria e o estado de alerta, al\u00e9m de aumentar a capacidade de concentra\u00e7\u00e3o e diminuir o sono.<\/p>\n\n\n\n<p>4.Preven\u00e7\u00e3o do c\u00e2ncer: Cont\u00e9m antioxidantes que protegem as c\u00e9lulas contra os danos provocados pelos radicais livres, impedindo o desenvolvimento de alguns tipos de c\u00e2ncer.<\/p>\n\n\n\n<p>5.Ajuda no emagrecimento: O consumo de caf\u00e9 favorece a perda de peso, pois a cafe\u00edna ajuda a controlar a fome temporariamente, contribuindo para a redu\u00e7\u00e3o da ingest\u00e3o de alimentos.<\/p>\n\n\n\n<p>6.Efeitos vari\u00e1veis: Os efeitos podem variar de acordo com cada organismo. Por exemplo, algumas pessoas podem observar melhoras da dor de cabe\u00e7a com o consumo de caf\u00e9, enquanto outras podem ter o sintoma provocado pela bebida.<\/p>\n\n\n\n<h3 class=\"wp-block-heading\">Quais s\u00e3o as propriedades ?<\/h3>\n\n\n\n<p>Com isso de acordo <a href=\"https:\/\/www.cnnbrasil.com.br\/saude\/dez-beneficios-do-cafe-para-a-saude\/\">13 benef\u00edcios do caf\u00e9 para a sa\u00fade e quanto consumir por dia (cnnbrasil.com.br)<\/a> . O caf\u00e9 tamb\u00e9m \u00e9 rico em nutrientes, como vitaminas do complexo B, pot\u00e1ssio e mangan\u00eas.<\/p>\n\n\n\n<p>Na bebida, \u00e9 poss\u00edvel encontrar outros componentes, como:<\/p>\n\n\n\n<ul>\n<li>f\u00f3sforo;<\/li>\n\n\n\n<li>cafestol;<\/li>\n\n\n\n<li>kahweol;<\/li>\n\n\n\n<li>\u00e1cidos clorog\u00eanicos.<\/li>\n<\/ul>\n\n\n\n<p>A composi\u00e7\u00e3o qu\u00edmica ajuda a entender mais sobre as propriedades de cada subst\u00e2ncia e, com isso, a analisar o caf\u00e9 e seus benef\u00edcios para a sa\u00fade.<\/p>\n\n\n\n<h3 class=\"wp-block-heading\">\u00c9 saud\u00e1vel tomar caf\u00e9 todos os dias?<\/h3>\n\n\n\n<p>Segundo o artigo publicado no peri\u00f3dico cient\u00edfico PNAS, apresentado anteriormente, n\u00e3o h\u00e1 ind\u00edcios de que o consumo di\u00e1rio moderado de caf\u00e9 seja prejudicial para pessoas saud\u00e1veis.<\/p>\n\n\n\n<p>\u201cN\u00e3o faz mal \u00e0 sa\u00fade se tomado de forma moderada. O adulto sem problemas de sa\u00fade pode consumir at\u00e9 quatro x\u00edcaras coado por dia\u201d, refor\u00e7ou o cardiologista Roberto Kalil, em entrevista \u00e0 CNN, no quadro Sinais Vitais.<\/p>\n\n\n\n<p>Contudo, segundo o especialista, \u00e9 preciso ficar atento \u00e0 quantidade de bebida ingerida, pois o excesso pode desencadear efeitos indesejados. Kalil destacou alguns deles durante sua entrevista \u00e0 CNN:<\/p>\n\n\n\n<ul>\n<li>ins\u00f4nia;<\/li>\n\n\n\n<li>dor de est\u00f4mago;<\/li>\n\n\n\n<li>sensa\u00e7\u00e3o de irritabilidade;<\/li>\n\n\n\n<li>batimentos card\u00edacos irregulares.<\/li>\n<\/ul>\n\n\n\n<p><\/p>\n\n\n\n<div class=\"wp-block-contact-form-7-contact-form-selector\">\n<div class=\"wpcf7 no-js\" id=\"wpcf7-f231-o1\" lang=\"pt-BR\" dir=\"ltr\">\n<div class=\"screen-reader-response\"><p role=\"status\" aria-live=\"polite\" aria-atomic=\"true\"><\/p> <ul><\/ul><\/div>\n<form action=\"\/index.php\/wp-json\/wp\/v2\/pages\/172#wpcf7-f231-o1\" method=\"post\" class=\"wpcf7-form init\" aria-label=\"Formul\u00e1rios de contato\" novalidate=\"novalidate\" data-status=\"init\">\n<div style=\"display: none;\">\n<input type=\"hidden\" name=\"_wpcf7\" value=\"231\" \/>\n<input type=\"hidden\" name=\"_wpcf7_version\" value=\"5.9.3\" \/>\n<input type=\"hidden\" name=\"_wpcf7_locale\" value=\"pt_BR\" \/>\n<input type=\"hidden\" name=\"_wpcf7_unit_tag\" value=\"wpcf7-f231-o1\" \/>\n<input type=\"hidden\" name=\"_wpcf7_container_post\" value=\"0\" \/>\n<input type=\"hidden\" name=\"_wpcf7_posted_data_hash\" value=\"\" \/>\n<\/div>\n<p><label> Seu nome<br \/>\n<span class=\"wpcf7-form-control-wrap\" data-name=\"your-name\"><input size=\"40\" class=\"wpcf7-form-control wpcf7-text wpcf7-validates-as-required\" autocomplete=\"name\" aria-required=\"true\" aria-invalid=\"false\" value=\"\" type=\"text\" name=\"your-name\" \/><\/span> <\/label>\n<\/p>\n<p><label> Seu e-mail<br \/>\n<span class=\"wpcf7-form-control-wrap\" data-name=\"your-email\"><input size=\"40\" class=\"wpcf7-form-control wpcf7-email wpcf7-validates-as-required wpcf7-text wpcf7-validates-as-email\" autocomplete=\"email\" aria-required=\"true\" aria-invalid=\"false\" value=\"\" type=\"email\" name=\"your-email\" \/><\/span> <\/label>\n<\/p>\n<p><label> Cidade<br \/>\n<span class=\"wpcf7-form-control-wrap\" data-name=\"your-subject\"><input size=\"40\" class=\"wpcf7-form-control wpcf7-text wpcf7-validates-as-required\" aria-required=\"true\" aria-invalid=\"false\" value=\"\" type=\"text\" name=\"your-subject\" \/><\/span> <\/label>\n<\/p>\n<p><label> Voc\u00ea acredita que o caf\u00e9 \u00e9 um rem\u00e9dio ben\u00e9fico ? <\/label>\n<\/p>\n<p><span class=\"wpcf7-form-control-wrap\" data-name=\"radio-973\"><span class=\"wpcf7-form-control wpcf7-radio\"><span class=\"wpcf7-list-item first\"><label><input type=\"radio\" name=\"radio-973\" value=\"Sim\" checked=\"checked\" \/><span class=\"wpcf7-list-item-label\">Sim<\/span><\/label><\/span><span class=\"wpcf7-list-item last\"><label><input type=\"radio\" name=\"radio-973\" value=\"N\u00e3o\" \/><span class=\"wpcf7-list-item-label\">N\u00e3o<\/span><\/label><\/span><\/span><\/span>\n<\/p>\n<p><label> Cite 2 ou mais ben\u00e9ficos que voc\u00ea j\u00e1 teve experi\u00eancia em rela\u00e7\u00e3o ao caf\u00e9 ou que juga serem positivos para a sa\u00fade.<br \/>\n<span class=\"wpcf7-form-control-wrap\" data-name=\"your-message\"><textarea cols=\"40\" rows=\"10\" class=\"wpcf7-form-control wpcf7-textarea\" aria-invalid=\"false\" name=\"your-message\"><\/textarea><\/span> <\/label>\n<\/p>\n<p><input class=\"wpcf7-form-control wpcf7-submit has-spinner\" type=\"submit\" value=\"Enviar\" \/>\n<\/p><div class=\"wpcf7-response-output\" aria-hidden=\"true\"><\/div>\n<\/form>\n<\/div>\n<\/div>\n","protected":false},"excerpt":{"rendered":"<p>Benef\u00edcios do Caf\u00e9 para a sa\u00fade \u00c9 uma bebida muito popular e tem v\u00e1rios efeitos sobre a sa\u00fade, tanto positivos quanto negativos de acordo com o site https:\/\/www.tuasaude.com\/beneficios-do-cafe\/ , alguns pontos s\u00e3o: 1.Antioxidante: \u00c9 rico em \u00e1cido clorog\u00eanico, \u00e1cido cafeico e kahweol, que s\u00e3o compostos bioativos com propriedades antioxidantes. Esses compostos ajudam a combater os [&hellip;]<\/p>\n","protected":false},"author":3,"featured_media":0,"parent":0,"menu_order":0,"comment_status":"closed","ping_status":"closed","template":"","meta":{"saved_in_kubio":false,"footnotes":""},"kubio_ai_page_context":{"short_desc":"","purpose":"general"},"yoast_head":"<!-- This site is optimized with the Yoast SEO plugin v22.6 - https:\/\/yoast.com\/wordpress\/plugins\/seo\/ -->\n<title>Caf\u00e9 e seus benef\u00edcios para a sa\u00fade - Catffeine<\/title>\n<meta name=\"description\" content=\"\u00c9 importante destacar caf\u00e9 \u00e9 uma bebida muito popular e tem v\u00e1rios efeitos sobre a sa\u00fade e tamb\u00e9m benef\u00edcios e malef\u00edcios\" \/>\n<meta name=\"robots\" content=\"index, follow, max-snippet:-1, max-image-preview:large, max-video-preview:-1\" \/>\n<link rel=\"canonical\" href=\"https:\/\/gzs06.zappacorp.com\/index.php\/cafe-e-seus-beneficios-para-a-saude\/\" \/>\n<meta property=\"og:locale\" content=\"pt_BR\" \/>\n<meta property=\"og:type\" content=\"article\" \/>\n<meta property=\"og:title\" content=\"Caf\u00e9 e seus benef\u00edcios para a sa\u00fade - Catffeine\" \/>\n<meta property=\"og:description\" content=\"\u00c9 importante destacar caf\u00e9 \u00e9 uma bebida muito popular e tem v\u00e1rios efeitos sobre a sa\u00fade e tamb\u00e9m benef\u00edcios e malef\u00edcios\" \/>\n<meta property=\"og:url\" content=\"https:\/\/gzs06.zappacorp.com\/index.php\/cafe-e-seus-beneficios-para-a-saude\/\" \/>\n<meta property=\"og:site_name\" content=\"Catffeine\" \/>\n<meta property=\"article:modified_time\" content=\"2024-05-06T17:29:17+00:00\" \/>\n<meta property=\"og:image\" content=\"https:\/\/gzs06.zappacorp.com\/wp-content\/uploads\/2024\/04\/cafe-e-saude-.jpg\" \/>\n<meta name=\"twitter:card\" content=\"summary_large_image\" \/>\n<meta name=\"twitter:label1\" content=\"Est. tempo de leitura\" \/>\n\t<meta name=\"twitter:data1\" content=\"3 minutos\" \/>\n<script type=\"application\/ld+json\" class=\"yoast-schema-graph\">{\"@context\":\"https:\/\/schema.org\",\"@graph\":[{\"@type\":\"WebPage\",\"@id\":\"https:\/\/gzs06.zappacorp.com\/index.php\/cafe-e-seus-beneficios-para-a-saude\/\",\"url\":\"https:\/\/gzs06.zappacorp.com\/index.php\/cafe-e-seus-beneficios-para-a-saude\/\",\"name\":\"Caf\u00e9 e seus benef\u00edcios para a sa\u00fade - Catffeine\",\"isPartOf\":{\"@id\":\"https:\/\/gzs06.zappacorp.com\/#website\"},\"primaryImageOfPage\":{\"@id\":\"https:\/\/gzs06.zappacorp.com\/index.php\/cafe-e-seus-beneficios-para-a-saude\/#primaryimage\"},\"image\":{\"@id\":\"https:\/\/gzs06.zappacorp.com\/index.php\/cafe-e-seus-beneficios-para-a-saude\/#primaryimage\"},\"thumbnailUrl\":\"https:\/\/gzs06.zappacorp.com\/wp-content\/uploads\/2024\/04\/cafe-e-saude-.jpg\",\"datePublished\":\"2024-04-29T03:03:31+00:00\",\"dateModified\":\"2024-05-06T17:29:17+00:00\",\"description\":\"\u00c9 importante destacar caf\u00e9 \u00e9 uma bebida muito popular e tem v\u00e1rios efeitos sobre a sa\u00fade e tamb\u00e9m benef\u00edcios e malef\u00edcios\",\"breadcrumb\":{\"@id\":\"https:\/\/gzs06.zappacorp.com\/index.php\/cafe-e-seus-beneficios-para-a-saude\/#breadcrumb\"},\"inLanguage\":\"pt-BR\",\"potentialAction\":[{\"@type\":\"ReadAction\",\"target\":[\"https:\/\/gzs06.zappacorp.com\/index.php\/cafe-e-seus-beneficios-para-a-saude\/\"]}]},{\"@type\":\"ImageObject\",\"inLanguage\":\"pt-BR\",\"@id\":\"https:\/\/gzs06.zappacorp.com\/index.php\/cafe-e-seus-beneficios-para-a-saude\/#primaryimage\",\"url\":\"https:\/\/gzs06.zappacorp.com\/wp-content\/uploads\/2024\/04\/cafe-e-saude-.jpg\",\"contentUrl\":\"https:\/\/gzs06.zappacorp.com\/wp-content\/uploads\/2024\/04\/cafe-e-saude-.jpg\",\"width\":708,\"height\":720},{\"@type\":\"BreadcrumbList\",\"@id\":\"https:\/\/gzs06.zappacorp.com\/index.php\/cafe-e-seus-beneficios-para-a-saude\/#breadcrumb\",\"itemListElement\":[{\"@type\":\"ListItem\",\"position\":1,\"name\":\"In\u00edcio\",\"item\":\"https:\/\/gzs06.zappacorp.com\/\"},{\"@type\":\"ListItem\",\"position\":2,\"name\":\"Caf\u00e9 e seus benef\u00edcios para a sa\u00fade\"}]},{\"@type\":\"WebSite\",\"@id\":\"https:\/\/gzs06.zappacorp.com\/#website\",\"url\":\"https:\/\/gzs06.zappacorp.com\/\",\"name\":\"Catffeine\",\"description\":\"\",\"publisher\":{\"@id\":\"https:\/\/gzs06.zappacorp.com\/#organization\"},\"potentialAction\":[{\"@type\":\"SearchAction\",\"target\":{\"@type\":\"EntryPoint\",\"urlTemplate\":\"https:\/\/gzs06.zappacorp.com\/?s={search_term_string}\"},\"query-input\":\"required name=search_term_string\"}],\"inLanguage\":\"pt-BR\"},{\"@type\":\"Organization\",\"@id\":\"https:\/\/gzs06.zappacorp.com\/#organization\",\"name\":\"Catffeine\",\"url\":\"https:\/\/gzs06.zappacorp.com\/\",\"logo\":{\"@type\":\"ImageObject\",\"inLanguage\":\"pt-BR\",\"@id\":\"https:\/\/gzs06.zappacorp.com\/#\/schema\/logo\/image\/\",\"url\":\"https:\/\/gzs06.zappacorp.com\/wp-content\/uploads\/2024\/04\/Captura-de-tela_2-4-2024_141347_.jpeg\",\"contentUrl\":\"https:\/\/gzs06.zappacorp.com\/wp-content\/uploads\/2024\/04\/Captura-de-tela_2-4-2024_141347_.jpeg\",\"width\":554,\"height\":546,\"caption\":\"Catffeine\"},\"image\":{\"@id\":\"https:\/\/gzs06.zappacorp.com\/#\/schema\/logo\/image\/\"}}]}<\/script>\n<!-- \/ Yoast SEO plugin. -->","yoast_head_json":{"title":"Caf\u00e9 e seus benef\u00edcios para a sa\u00fade - Catffeine","description":"\u00c9 importante destacar caf\u00e9 \u00e9 uma bebida muito popular e tem v\u00e1rios efeitos sobre a sa\u00fade e tamb\u00e9m benef\u00edcios e malef\u00edcios","robots":{"index":"index","follow":"follow","max-snippet":"max-snippet:-1","max-image-preview":"max-image-preview:large","max-video-preview":"max-video-preview:-1"},"canonical":"https:\/\/gzs06.zappacorp.com\/index.php\/cafe-e-seus-beneficios-para-a-saude\/","og_locale":"pt_BR","og_type":"article","og_title":"Caf\u00e9 e seus benef\u00edcios para a sa\u00fade - Catffeine","og_description":"\u00c9 importante destacar caf\u00e9 \u00e9 uma bebida muito popular e tem v\u00e1rios efeitos sobre a sa\u00fade e tamb\u00e9m benef\u00edcios e malef\u00edcios","og_url":"https:\/\/gzs06.zappacorp.com\/index.php\/cafe-e-seus-beneficios-para-a-saude\/","og_site_name":"Catffeine","article_modified_time":"2024-05-06T17:29:17+00:00","og_image":[{"url":"https:\/\/gzs06.zappacorp.com\/wp-content\/uploads\/2024\/04\/cafe-e-saude-.jpg"}],"twitter_card":"summary_large_image","twitter_misc":{"Est. tempo de leitura":"3 minutos"},"schema":{"@context":"https:\/\/schema.org","@graph":[{"@type":"WebPage","@id":"https:\/\/gzs06.zappacorp.com\/index.php\/cafe-e-seus-beneficios-para-a-saude\/","url":"https:\/\/gzs06.zappacorp.com\/index.php\/cafe-e-seus-beneficios-para-a-saude\/","name":"Caf\u00e9 e seus benef\u00edcios para a sa\u00fade - Catffeine","isPartOf":{"@id":"https:\/\/gzs06.zappacorp.com\/#website"},"primaryImageOfPage":{"@id":"https:\/\/gzs06.zappacorp.com\/index.php\/cafe-e-seus-beneficios-para-a-saude\/#primaryimage"},"image":{"@id":"https:\/\/gzs06.zappacorp.com\/index.php\/cafe-e-seus-beneficios-para-a-saude\/#primaryimage"},"thumbnailUrl":"https:\/\/gzs06.zappacorp.com\/wp-content\/uploads\/2024\/04\/cafe-e-saude-.jpg","datePublished":"2024-04-29T03:03:31+00:00","dateModified":"2024-05-06T17:29:17+00:00","description":"\u00c9 importante destacar caf\u00e9 \u00e9 uma bebida muito popular e tem v\u00e1rios efeitos sobre a sa\u00fade e tamb\u00e9m benef\u00edcios e malef\u00edcios","breadcrumb":{"@id":"https:\/\/gzs06.zappacorp.com\/index.php\/cafe-e-seus-beneficios-para-a-saude\/#breadcrumb"},"inLanguage":"pt-BR","potentialAction":[{"@type":"ReadAction","target":["https:\/\/gzs06.zappacorp.com\/index.php\/cafe-e-seus-beneficios-para-a-saude\/"]}]},{"@type":"ImageObject","inLanguage":"pt-BR","@id":"https:\/\/gzs06.zappacorp.com\/index.php\/cafe-e-seus-beneficios-para-a-saude\/#primaryimage","url":"https:\/\/gzs06.zappacorp.com\/wp-content\/uploads\/2024\/04\/cafe-e-saude-.jpg","contentUrl":"https:\/\/gzs06.zappacorp.com\/wp-content\/uploads\/2024\/04\/cafe-e-saude-.jpg","width":708,"height":720},{"@type":"BreadcrumbList","@id":"https:\/\/gzs06.zappacorp.com\/index.php\/cafe-e-seus-beneficios-para-a-saude\/#breadcrumb","itemListElement":[{"@type":"ListItem","position":1,"name":"In\u00edcio","item":"https:\/\/gzs06.zappacorp.com\/"},{"@type":"ListItem","position":2,"name":"Caf\u00e9 e seus benef\u00edcios para a sa\u00fade"}]},{"@type":"WebSite","@id":"https:\/\/gzs06.zappacorp.com\/#website","url":"https:\/\/gzs06.zappacorp.com\/","name":"Catffeine","description":"","publisher":{"@id":"https:\/\/gzs06.zappacorp.com\/#organization"},"potentialAction":[{"@type":"SearchAction","target":{"@type":"EntryPoint","urlTemplate":"https:\/\/gzs06.zappacorp.com\/?s={search_term_string}"},"query-input":"required name=search_term_string"}],"inLanguage":"pt-BR"},{"@type":"Organization","@id":"https:\/\/gzs06.zappacorp.com\/#organization","name":"Catffeine","url":"https:\/\/gzs06.zappacorp.com\/","logo":{"@type":"ImageObject","inLanguage":"pt-BR","@id":"https:\/\/gzs06.zappacorp.com\/#\/schema\/logo\/image\/","url":"https:\/\/gzs06.zappacorp.com\/wp-content\/uploads\/2024\/04\/Captura-de-tela_2-4-2024_141347_.jpeg","contentUrl":"https:\/\/gzs06.zappacorp.com\/wp-content\/uploads\/2024\/04\/Captura-de-tela_2-4-2024_141347_.jpeg","width":554,"height":546,"caption":"Catffeine"},"image":{"@id":"https:\/\/gzs06.zappacorp.com\/#\/schema\/logo\/image\/"}}]}},"_links":{"self":[{"href":"https:\/\/gzs06.zappacorp.com\/index.php\/wp-json\/wp\/v2\/pages\/172"}],"collection":[{"href":"https:\/\/gzs06.zappacorp.com\/index.php\/wp-json\/wp\/v2\/pages"}],"about":[{"href":"https:\/\/gzs06.zappacorp.com\/index.php\/wp-json\/wp\/v2\/types\/page"}],"author":[{"embeddable":true,"href":"https:\/\/gzs06.zappacorp.com\/index.php\/wp-json\/wp\/v2\/users\/3"}],"replies":[{"embeddable":true,"href":"https:\/\/gzs06.zappacorp.com\/index.php\/wp-json\/wp\/v2\/comments?post=172"}],"version-history":[{"count":13,"href":"https:\/\/gzs06.zappacorp.com\/index.php\/wp-json\/wp\/v2\/pages\/172\/revisions"}],"predecessor-version":[{"id":321,"href":"https:\/\/gzs06.zappacorp.com\/index.php\/wp-json\/wp\/v2\/pages\/172\/revisions\/321"}],"wp:attachment":[{"href":"https:\/\/gzs06.zappacorp.com\/index.php\/wp-json\/wp\/v2\/media?parent=172"}],"curies":[{"name":"wp","href":"https:\/\/api.w.org\/{rel}","templated":true}]}}