{"id":168,"date":"2024-04-29T03:05:16","date_gmt":"2024-04-29T03:05:16","guid":{"rendered":"https:\/\/gzs06.zappacorp.com\/?page_id=168"},"modified":"2024-05-07T00:33:31","modified_gmt":"2024-05-07T00:33:31","slug":"produtos-derivados-do-cafe","status":"publish","type":"page","link":"https:\/\/gzs06.zappacorp.com\/index.php\/produtos-derivados-do-cafe\/","title":{"rendered":"Derivados do caf\u00e9"},"content":{"rendered":"\n<figure class=\"wp-block-image size-full is-resized\"><img loading=\"lazy\" decoding=\"async\" width=\"829\" height=\"622\" src=\"https:\/\/gzs06.zappacorp.com\/wp-content\/uploads\/2024\/04\/sorvete-1-1.jpg\" alt=\"\" class=\"wp-image-170\" style=\"width:426px;height:auto\" srcset=\"https:\/\/gzs06.zappacorp.com\/wp-content\/uploads\/2024\/04\/sorvete-1-1.jpg 829w, https:\/\/gzs06.zappacorp.com\/wp-content\/uploads\/2024\/04\/sorvete-1-1-300x225.jpg 300w, https:\/\/gzs06.zappacorp.com\/wp-content\/uploads\/2024\/04\/sorvete-1-1-768x576.jpg 768w\" sizes=\"(max-width: 829px) 100vw, 829px\" \/><\/figure>\n\n\n\n<h3 class=\"wp-block-heading\">Produtos derivados do caf\u00e9 <\/h3>\n\n\n\n<p>\u00c9 relevante que v\u00e1rios produtos derivados do caf\u00e9 s\u00e3o feitos a partir do gr\u00e3o de caf\u00e9. Por exemplo, no site <a href=\"https:\/\/baristamoderno.com.br\/produtos\/\">Barista Moderno<\/a>, menciona-se que as c\u00e1psulas de caf\u00e9 expresso s\u00e3o um produto relativamente novo no mercado.&nbsp;Sendo feitas a partir de caf\u00e9 mo\u00eddo e embalado em c\u00e1psulas que podem ser usadas em m\u00e1quinas de caf\u00e9 para produzir uma x\u00edcara de caf\u00e9 fresco.<\/p>\n\n\n\n<p>Al\u00e9m das c\u00e1psulas de caf\u00e9, existem outros produtos derivados do caf\u00e9, como caf\u00e9 sol\u00favel, caf\u00e9 em p\u00f3, espresso, cappuccino, latte, caff\u00e8 macchiato, cortado e caff\u00e8 latte.&nbsp;Produtos s\u00e3o criados com o objetivo de extrair o melhor do caf\u00e9, seja para aumentar a qualidade da bebida, mant\u00ea-la fresca por mais tempo ou transform\u00e1-la em diferentes tipos de bebidas.<\/p>\n\n\n\n<h3 class=\"wp-block-heading\">Derivados do caf\u00e9<\/h3>\n\n\n\n<p>1.Produtos Aliment\u00edcios: Assim temos Produtos aliment\u00edcios que cont\u00eam caf\u00e9, como sorvetes, chocolates, bolos e at\u00e9 mesmo cervejas, tamb\u00e9m s\u00e3o relevantes.<\/p>\n\n\n\n<p>2.Caf\u00e9 Sol\u00favel: Assim &nbsp;caf\u00e9 sol\u00favel&nbsp;\u00e9 uma forma de caf\u00e9 que \u00e9&nbsp;dissolvida em \u00e1gua quente&nbsp;para produzir uma&nbsp;bebida de caf\u00e9 instant\u00e2nea. Assim Ele \u00e9 conveniente e r\u00e1pido de preparar, tornando-se uma escolha popular para quem deseja uma x\u00edcara de caf\u00e9 sem o processo demorado de prepara\u00e7\u00e3o tradicional. A solubilidade do caf\u00e9 sol\u00favel \u00e9 alcan\u00e7ada durante o processo de fabrica\u00e7\u00e3o, onde o caf\u00e9 \u00e9&nbsp;desidratado&nbsp;ap\u00f3s a extra\u00e7\u00e3o dos gr\u00e3os de caf\u00e9 mo\u00eddos. Assim, basta adicionar \u00e1gua quente e voc\u00ea ter\u00e1 uma x\u00edcara de caf\u00e9 pronta para beber!<\/p>\n\n\n\n<p>3.Caf\u00e9 em P\u00f3: Fabrica-se o&nbsp;caf\u00e9 em p\u00f3&nbsp;a partir de gr\u00e3os de caf\u00e9 que s\u00e3o&nbsp;torrados e mo\u00eddos. Utiliza-se esse p\u00f3 para preparar&nbsp;caf\u00e9 filtrado,&nbsp;espresso,&nbsp;cappuccino&nbsp;e&nbsp;latte. \u00c9 uma forma tradicional de caf\u00e9 que requer um processo de prepara\u00e7\u00e3o que envolve filtragem ou press\u00e3o para extrair o sabor dos gr\u00e3os mo\u00eddos.<\/p>\n\n\n\n<p>4.Bebidas de Caf\u00e9: Assim as variedades de bebidas de caf\u00e9&nbsp;incluem&nbsp;Espresso, Cappuccino, Latte, Caff\u00e8 Macchiato e Cortado, entre outras.<\/p>\n\n\n\n<p>5.Farinha de Caf\u00e9: Produz-se a&nbsp;farinha de caf\u00e9&nbsp;a partir da cereja do caf\u00e9 que seria desperdi\u00e7ada. Pode-se utiliz\u00e1-la em&nbsp;muffins,&nbsp;p\u00e3es,&nbsp;chocolates&nbsp;e&nbsp;molhos, entre outros produtos.<\/p>\n\n\n\n<p>6.Caf\u00e9 de Fezes: &nbsp;Assim o Kopi Luwak&nbsp;e o&nbsp;Black Ivory&nbsp;s\u00e3o caf\u00e9s que se produzem a partir dos excrementos da&nbsp;Civeta de palmeira asi\u00e1tica&nbsp;e de&nbsp;elefantes, respectivamente.<\/p>\n\n\n\n<p>7.C\u00e1psulas de Caf\u00e9: Fabricam-se assim as&nbsp;c\u00e1psulas de caf\u00e9&nbsp;a partir de caf\u00e9 mo\u00eddo, que s\u00e3o ent\u00e3o embaladas em c\u00e1psulas. Essas c\u00e1psulas podem ser inseridas em uma m\u00e1quina de caf\u00e9 para produzir uma&nbsp;x\u00edcara de caf\u00e9 fresco. Representam assim um produto relativamente novo no mercado de caf\u00e9, oferecendo conveni\u00eancia e rapidez na prepara\u00e7\u00e3o da bebida.<\/p>\n\n\n\n<h3 class=\"wp-block-heading\"><strong>Sobre o caf\u00e9 <\/strong><\/h3>\n\n\n\n<p>Os gr\u00e3os torrados do cafeeiro fazem o caf\u00e9, uma bebida popular. Diversos tipos de gr\u00e3os existem, como o ar\u00e1bica e o robusto, e a bebida tem v\u00e1rias deriva\u00e7\u00f5es, incluindo o expresso, cappuccino, mocha, caf\u00e9 gelado e caf\u00e9 com leite.<\/p>\n\n\n\n<p>No Brasil, os tipos de caf\u00e9 mais consumidos v\u00eam do Ar\u00e1bica. Conhecido como um estimulante, o caf\u00e9 cont\u00e9m cafe\u00edna. Voc\u00ea pode encontrar mais informa\u00e7\u00f5es sobre a hist\u00f3ria do caf\u00e9 na pesquisa  <a href=\"https:\/\/www.todamateria.com.br\/historia-do-cafe\/\">Hist\u00f3ria do Caf\u00e9<\/a> .<\/p>\n\n\n\n<div class=\"wp-block-contact-form-7-contact-form-selector\">\n<div class=\"wpcf7 no-js\" id=\"wpcf7-f238-o1\" lang=\"pt-BR\" dir=\"ltr\">\n<div class=\"screen-reader-response\"><p role=\"status\" aria-live=\"polite\" aria-atomic=\"true\"><\/p> <ul><\/ul><\/div>\n<form action=\"\/index.php\/wp-json\/wp\/v2\/pages\/168#wpcf7-f238-o1\" method=\"post\" class=\"wpcf7-form init\" aria-label=\"Formul\u00e1rios de contato\" novalidate=\"novalidate\" data-status=\"init\">\n<div style=\"display: none;\">\n<input type=\"hidden\" name=\"_wpcf7\" value=\"238\" \/>\n<input type=\"hidden\" name=\"_wpcf7_version\" value=\"5.9.3\" \/>\n<input type=\"hidden\" name=\"_wpcf7_locale\" value=\"pt_BR\" \/>\n<input type=\"hidden\" name=\"_wpcf7_unit_tag\" value=\"wpcf7-f238-o1\" \/>\n<input type=\"hidden\" name=\"_wpcf7_container_post\" value=\"0\" \/>\n<input type=\"hidden\" name=\"_wpcf7_posted_data_hash\" value=\"\" \/>\n<\/div>\n<p><label> Seu nome<br \/>\n<span class=\"wpcf7-form-control-wrap\" data-name=\"your-name\"><input size=\"40\" class=\"wpcf7-form-control wpcf7-text wpcf7-validates-as-required\" autocomplete=\"name\" aria-required=\"true\" aria-invalid=\"false\" value=\"\" type=\"text\" name=\"your-name\" \/><\/span> <\/label>\n<\/p>\n<p><label> Seu e-mail<br \/>\n<span class=\"wpcf7-form-control-wrap\" data-name=\"your-email\"><input size=\"40\" class=\"wpcf7-form-control wpcf7-email wpcf7-validates-as-required wpcf7-text wpcf7-validates-as-email\" autocomplete=\"email\" aria-required=\"true\" aria-invalid=\"false\" value=\"\" type=\"email\" name=\"your-email\" \/><\/span> <\/label>\n<\/p>\n<p><label> Cidade<br \/>\n<span class=\"wpcf7-form-control-wrap\" data-name=\"your-subject\"><input size=\"40\" class=\"wpcf7-form-control wpcf7-text wpcf7-validates-as-required\" aria-required=\"true\" aria-invalid=\"false\" value=\"\" type=\"text\" name=\"your-subject\" \/><\/span> <\/label>\n<\/p>\n<p><label> Voc\u00ea provaria os produtos derivados do caf\u00e9 ? <\/label>\n<\/p>\n<p><span class=\"wpcf7-form-control-wrap\" data-name=\"radio-973\"><span class=\"wpcf7-form-control wpcf7-radio\"><span class=\"wpcf7-list-item first\"><label><input type=\"radio\" name=\"radio-973\" value=\"Sim\" checked=\"checked\" \/><span class=\"wpcf7-list-item-label\">Sim<\/span><\/label><\/span><span class=\"wpcf7-list-item last\"><label><input type=\"radio\" name=\"radio-973\" value=\"N\u00e3o\" \/><span class=\"wpcf7-list-item-label\">N\u00e3o<\/span><\/label><\/span><\/span><\/span>\n<\/p>\n<p><label> Qual ou quais produtos citados voc\u00ea gostaria de experimentar ? Qual ou quais produtos voc\u00ea n\u00e3o provaria ?(deixe seu coment\u00e1rio)<br \/>\n<span class=\"wpcf7-form-control-wrap\" data-name=\"your-message\"><textarea cols=\"40\" rows=\"10\" class=\"wpcf7-form-control wpcf7-textarea\" aria-invalid=\"false\" name=\"your-message\"><\/textarea><\/span> <\/label>\n<\/p>\n<p><input class=\"wpcf7-form-control wpcf7-submit has-spinner\" type=\"submit\" value=\"Enviar\" \/>\n<\/p><div class=\"wpcf7-response-output\" aria-hidden=\"true\"><\/div>\n<\/form>\n<\/div>\n<\/div>\n","protected":false},"excerpt":{"rendered":"<p>Produtos derivados do caf\u00e9 \u00c9 relevante que v\u00e1rios produtos derivados do caf\u00e9 s\u00e3o feitos a partir do gr\u00e3o de caf\u00e9. Por exemplo, no site Barista Moderno, menciona-se que as c\u00e1psulas de caf\u00e9 expresso s\u00e3o um produto relativamente novo no mercado.&nbsp;Sendo feitas a partir de caf\u00e9 mo\u00eddo e embalado em c\u00e1psulas que podem ser usadas em [&hellip;]<\/p>\n","protected":false},"author":3,"featured_media":0,"parent":0,"menu_order":0,"comment_status":"closed","ping_status":"closed","template":"","meta":{"saved_in_kubio":true,"footnotes":""},"kubio_ai_page_context":{"short_desc":"","purpose":"general"},"yoast_head":"<!-- This site is optimized with the Yoast SEO plugin v22.6 - https:\/\/yoast.com\/wordpress\/plugins\/seo\/ -->\n<title>Derivados do caf\u00e9 - Catffeine<\/title>\n<meta name=\"description\" content=\"Rumo a um Futuro Sustent\u00e1vel e Inovador, assim existem muitos produtos derivados do caf\u00e9. Com isso ele \u00e9 relevante conhecer este produto\" \/>\n<meta name=\"robots\" content=\"index, follow, max-snippet:-1, max-image-preview:large, max-video-preview:-1\" \/>\n<link rel=\"canonical\" href=\"https:\/\/gzs06.zappacorp.com\/index.php\/produtos-derivados-do-cafe\/\" \/>\n<meta property=\"og:locale\" content=\"pt_BR\" \/>\n<meta property=\"og:type\" content=\"article\" \/>\n<meta property=\"og:title\" content=\"Derivados do caf\u00e9 - Catffeine\" \/>\n<meta property=\"og:description\" content=\"Rumo a um Futuro Sustent\u00e1vel e Inovador, assim existem muitos produtos derivados do caf\u00e9. Com isso ele \u00e9 relevante conhecer este produto\" \/>\n<meta property=\"og:url\" content=\"https:\/\/gzs06.zappacorp.com\/index.php\/produtos-derivados-do-cafe\/\" \/>\n<meta property=\"og:site_name\" content=\"Catffeine\" \/>\n<meta property=\"article:modified_time\" content=\"2024-05-07T00:33:31+00:00\" \/>\n<meta property=\"og:image\" content=\"https:\/\/gzs06.zappacorp.com\/wp-content\/uploads\/2024\/04\/sorvete-1-1.jpg\" \/>\n<meta name=\"twitter:card\" content=\"summary_large_image\" \/>\n<meta name=\"twitter:label1\" content=\"Est. tempo de leitura\" \/>\n\t<meta name=\"twitter:data1\" content=\"3 minutos\" \/>\n<script type=\"application\/ld+json\" class=\"yoast-schema-graph\">{\"@context\":\"https:\/\/schema.org\",\"@graph\":[{\"@type\":\"WebPage\",\"@id\":\"https:\/\/gzs06.zappacorp.com\/index.php\/produtos-derivados-do-cafe\/\",\"url\":\"https:\/\/gzs06.zappacorp.com\/index.php\/produtos-derivados-do-cafe\/\",\"name\":\"Derivados do caf\u00e9 - Catffeine\",\"isPartOf\":{\"@id\":\"https:\/\/gzs06.zappacorp.com\/#website\"},\"primaryImageOfPage\":{\"@id\":\"https:\/\/gzs06.zappacorp.com\/index.php\/produtos-derivados-do-cafe\/#primaryimage\"},\"image\":{\"@id\":\"https:\/\/gzs06.zappacorp.com\/index.php\/produtos-derivados-do-cafe\/#primaryimage\"},\"thumbnailUrl\":\"https:\/\/gzs06.zappacorp.com\/wp-content\/uploads\/2024\/04\/sorvete-1-1.jpg\",\"datePublished\":\"2024-04-29T03:05:16+00:00\",\"dateModified\":\"2024-05-07T00:33:31+00:00\",\"description\":\"Rumo a um Futuro Sustent\u00e1vel e Inovador, assim existem muitos produtos derivados do caf\u00e9. Com isso ele \u00e9 relevante conhecer este produto\",\"breadcrumb\":{\"@id\":\"https:\/\/gzs06.zappacorp.com\/index.php\/produtos-derivados-do-cafe\/#breadcrumb\"},\"inLanguage\":\"pt-BR\",\"potentialAction\":[{\"@type\":\"ReadAction\",\"target\":[\"https:\/\/gzs06.zappacorp.com\/index.php\/produtos-derivados-do-cafe\/\"]}]},{\"@type\":\"ImageObject\",\"inLanguage\":\"pt-BR\",\"@id\":\"https:\/\/gzs06.zappacorp.com\/index.php\/produtos-derivados-do-cafe\/#primaryimage\",\"url\":\"https:\/\/gzs06.zappacorp.com\/wp-content\/uploads\/2024\/04\/sorvete-1-1.jpg\",\"contentUrl\":\"https:\/\/gzs06.zappacorp.com\/wp-content\/uploads\/2024\/04\/sorvete-1-1.jpg\",\"width\":829,\"height\":622},{\"@type\":\"BreadcrumbList\",\"@id\":\"https:\/\/gzs06.zappacorp.com\/index.php\/produtos-derivados-do-cafe\/#breadcrumb\",\"itemListElement\":[{\"@type\":\"ListItem\",\"position\":1,\"name\":\"In\u00edcio\",\"item\":\"https:\/\/gzs06.zappacorp.com\/\"},{\"@type\":\"ListItem\",\"position\":2,\"name\":\"Derivados do caf\u00e9\"}]},{\"@type\":\"WebSite\",\"@id\":\"https:\/\/gzs06.zappacorp.com\/#website\",\"url\":\"https:\/\/gzs06.zappacorp.com\/\",\"name\":\"Catffeine\",\"description\":\"\",\"publisher\":{\"@id\":\"https:\/\/gzs06.zappacorp.com\/#organization\"},\"potentialAction\":[{\"@type\":\"SearchAction\",\"target\":{\"@type\":\"EntryPoint\",\"urlTemplate\":\"https:\/\/gzs06.zappacorp.com\/?s={search_term_string}\"},\"query-input\":\"required name=search_term_string\"}],\"inLanguage\":\"pt-BR\"},{\"@type\":\"Organization\",\"@id\":\"https:\/\/gzs06.zappacorp.com\/#organization\",\"name\":\"Catffeine\",\"url\":\"https:\/\/gzs06.zappacorp.com\/\",\"logo\":{\"@type\":\"ImageObject\",\"inLanguage\":\"pt-BR\",\"@id\":\"https:\/\/gzs06.zappacorp.com\/#\/schema\/logo\/image\/\",\"url\":\"https:\/\/gzs06.zappacorp.com\/wp-content\/uploads\/2024\/04\/Captura-de-tela_2-4-2024_141347_.jpeg\",\"contentUrl\":\"https:\/\/gzs06.zappacorp.com\/wp-content\/uploads\/2024\/04\/Captura-de-tela_2-4-2024_141347_.jpeg\",\"width\":554,\"height\":546,\"caption\":\"Catffeine\"},\"image\":{\"@id\":\"https:\/\/gzs06.zappacorp.com\/#\/schema\/logo\/image\/\"}}]}<\/script>\n<!-- \/ Yoast SEO plugin. -->","yoast_head_json":{"title":"Derivados do caf\u00e9 - Catffeine","description":"Rumo a um Futuro Sustent\u00e1vel e Inovador, assim existem muitos produtos derivados do caf\u00e9. Com isso ele \u00e9 relevante conhecer este produto","robots":{"index":"index","follow":"follow","max-snippet":"max-snippet:-1","max-image-preview":"max-image-preview:large","max-video-preview":"max-video-preview:-1"},"canonical":"https:\/\/gzs06.zappacorp.com\/index.php\/produtos-derivados-do-cafe\/","og_locale":"pt_BR","og_type":"article","og_title":"Derivados do caf\u00e9 - Catffeine","og_description":"Rumo a um Futuro Sustent\u00e1vel e Inovador, assim existem muitos produtos derivados do caf\u00e9. Com isso ele \u00e9 relevante conhecer este produto","og_url":"https:\/\/gzs06.zappacorp.com\/index.php\/produtos-derivados-do-cafe\/","og_site_name":"Catffeine","article_modified_time":"2024-05-07T00:33:31+00:00","og_image":[{"url":"https:\/\/gzs06.zappacorp.com\/wp-content\/uploads\/2024\/04\/sorvete-1-1.jpg"}],"twitter_card":"summary_large_image","twitter_misc":{"Est. tempo de leitura":"3 minutos"},"schema":{"@context":"https:\/\/schema.org","@graph":[{"@type":"WebPage","@id":"https:\/\/gzs06.zappacorp.com\/index.php\/produtos-derivados-do-cafe\/","url":"https:\/\/gzs06.zappacorp.com\/index.php\/produtos-derivados-do-cafe\/","name":"Derivados do caf\u00e9 - Catffeine","isPartOf":{"@id":"https:\/\/gzs06.zappacorp.com\/#website"},"primaryImageOfPage":{"@id":"https:\/\/gzs06.zappacorp.com\/index.php\/produtos-derivados-do-cafe\/#primaryimage"},"image":{"@id":"https:\/\/gzs06.zappacorp.com\/index.php\/produtos-derivados-do-cafe\/#primaryimage"},"thumbnailUrl":"https:\/\/gzs06.zappacorp.com\/wp-content\/uploads\/2024\/04\/sorvete-1-1.jpg","datePublished":"2024-04-29T03:05:16+00:00","dateModified":"2024-05-07T00:33:31+00:00","description":"Rumo a um Futuro Sustent\u00e1vel e Inovador, assim existem muitos produtos derivados do caf\u00e9. Com isso ele \u00e9 relevante conhecer este produto","breadcrumb":{"@id":"https:\/\/gzs06.zappacorp.com\/index.php\/produtos-derivados-do-cafe\/#breadcrumb"},"inLanguage":"pt-BR","potentialAction":[{"@type":"ReadAction","target":["https:\/\/gzs06.zappacorp.com\/index.php\/produtos-derivados-do-cafe\/"]}]},{"@type":"ImageObject","inLanguage":"pt-BR","@id":"https:\/\/gzs06.zappacorp.com\/index.php\/produtos-derivados-do-cafe\/#primaryimage","url":"https:\/\/gzs06.zappacorp.com\/wp-content\/uploads\/2024\/04\/sorvete-1-1.jpg","contentUrl":"https:\/\/gzs06.zappacorp.com\/wp-content\/uploads\/2024\/04\/sorvete-1-1.jpg","width":829,"height":622},{"@type":"BreadcrumbList","@id":"https:\/\/gzs06.zappacorp.com\/index.php\/produtos-derivados-do-cafe\/#breadcrumb","itemListElement":[{"@type":"ListItem","position":1,"name":"In\u00edcio","item":"https:\/\/gzs06.zappacorp.com\/"},{"@type":"ListItem","position":2,"name":"Derivados do caf\u00e9"}]},{"@type":"WebSite","@id":"https:\/\/gzs06.zappacorp.com\/#website","url":"https:\/\/gzs06.zappacorp.com\/","name":"Catffeine","description":"","publisher":{"@id":"https:\/\/gzs06.zappacorp.com\/#organization"},"potentialAction":[{"@type":"SearchAction","target":{"@type":"EntryPoint","urlTemplate":"https:\/\/gzs06.zappacorp.com\/?s={search_term_string}"},"query-input":"required name=search_term_string"}],"inLanguage":"pt-BR"},{"@type":"Organization","@id":"https:\/\/gzs06.zappacorp.com\/#organization","name":"Catffeine","url":"https:\/\/gzs06.zappacorp.com\/","logo":{"@type":"ImageObject","inLanguage":"pt-BR","@id":"https:\/\/gzs06.zappacorp.com\/#\/schema\/logo\/image\/","url":"https:\/\/gzs06.zappacorp.com\/wp-content\/uploads\/2024\/04\/Captura-de-tela_2-4-2024_141347_.jpeg","contentUrl":"https:\/\/gzs06.zappacorp.com\/wp-content\/uploads\/2024\/04\/Captura-de-tela_2-4-2024_141347_.jpeg","width":554,"height":546,"caption":"Catffeine"},"image":{"@id":"https:\/\/gzs06.zappacorp.com\/#\/schema\/logo\/image\/"}}]}},"_links":{"self":[{"href":"https:\/\/gzs06.zappacorp.com\/index.php\/wp-json\/wp\/v2\/pages\/168"}],"collection":[{"href":"https:\/\/gzs06.zappacorp.com\/index.php\/wp-json\/wp\/v2\/pages"}],"about":[{"href":"https:\/\/gzs06.zappacorp.com\/index.php\/wp-json\/wp\/v2\/types\/page"}],"author":[{"embeddable":true,"href":"https:\/\/gzs06.zappacorp.com\/index.php\/wp-json\/wp\/v2\/users\/3"}],"replies":[{"embeddable":true,"href":"https:\/\/gzs06.zappacorp.com\/index.php\/wp-json\/wp\/v2\/comments?post=168"}],"version-history":[{"count":18,"href":"https:\/\/gzs06.zappacorp.com\/index.php\/wp-json\/wp\/v2\/pages\/168\/revisions"}],"predecessor-version":[{"id":397,"href":"https:\/\/gzs06.zappacorp.com\/index.php\/wp-json\/wp\/v2\/pages\/168\/revisions\/397"}],"wp:attachment":[{"href":"https:\/\/gzs06.zappacorp.com\/index.php\/wp-json\/wp\/v2\/media?parent=168"}],"curies":[{"name":"wp","href":"https:\/\/api.w.org\/{rel}","templated":true}]}}