{"id":165,"date":"2024-04-29T03:04:27","date_gmt":"2024-04-29T03:04:27","guid":{"rendered":"https:\/\/gzs06.zappacorp.com\/?page_id=165"},"modified":"2024-05-07T00:31:47","modified_gmt":"2024-05-07T00:31:47","slug":"fatos-interessantes-sobre-gatos","status":"publish","type":"page","link":"https:\/\/gzs06.zappacorp.com\/index.php\/fatos-interessantes-sobre-gatos\/","title":{"rendered":"Fatos interessantes sobre gatos"},"content":{"rendered":"\n<figure class=\"wp-block-image size-full is-resized\"><img loading=\"lazy\" decoding=\"async\" width=\"474\" height=\"258\" src=\"https:\/\/gzs06.zappacorp.com\/wp-content\/uploads\/2024\/04\/foto-de-gatos.jpg\" alt=\"\" class=\"wp-image-166\" style=\"width:433px;height:auto\" srcset=\"https:\/\/gzs06.zappacorp.com\/wp-content\/uploads\/2024\/04\/foto-de-gatos.jpg 474w, https:\/\/gzs06.zappacorp.com\/wp-content\/uploads\/2024\/04\/foto-de-gatos-300x163.jpg 300w\" sizes=\"(max-width: 474px) 100vw, 474px\" \/><\/figure>\n\n\n\n<h3 class=\"wp-block-heading\">Fatos relevantes sobre os felinos<\/h3>\n\n\n\n<p>Alguns fatos sobre gatos segundo o site <a href=\"https:\/\/www.peritoanimal.com.br\/curiosidades-sobre-os-gatos-24131.html\">https:\/\/www.peritoanimal.com.br\/curiosidades-sobre-os-gatos-24131.html<\/a> :<\/p>\n\n\n\n<p>1.Leite n\u00e3o \u00e9 o melhor alimento para os felinos: A maioria dos gatos adultos desenvolve intoler\u00e2ncia \u00e0 lactose. Por isso, o leite de vaca n\u00e3o \u00e9 o alimento mais recomendado para esses animais.<\/p>\n\n\n\n<p>2.Os gatos n\u00e3o percebem os sabores doces: Mesmo que os gatos tenham a vis\u00e3o e a audi\u00e7\u00e3o muito melhores que a nossa, o paladar \u00e9 menos desenvolvido.<\/p>\n\n\n\n<p>3.Emitem muitos sons para se comunicar: Os felinos fazem cerca de 100 sons diferentes.<\/p>\n\n\n\n<p>4.Sua principal linguagem \u00e9 a corporal:  t\u00eam uma linguagem corporal muito complexa.<\/p>\n\n\n\n<p>5.T\u00eam mais ossos que os humanos:  t\u00eam 230 ossos, enquanto os humanos t\u00eam 206.<\/p>\n\n\n\n<p>6.Podem entrar em locais imposs\u00edveis: Devido \u00e0 sua flexibilidade e tamanho pequeno, podem entrar em espa\u00e7os que parecem imposs\u00edveis.<\/p>\n\n\n\n<p>7.Dormem at\u00e9 16 horas por dia: Em m\u00e9dia um gato passa 2\/3 do dia dormindo.<\/p>\n\n\n\n<p>8.S\u00e3o animais crepusculares: Gatos t\u00eam predisposi\u00e7\u00f5es biol\u00f3gicas para serem crepusculares. Ou seja, eles ficam acordados geralmente entre o anoitecer e o amanhecer.<\/p>\n\n\n\n<p class=\"has-text-align-left\">9.O nariz \u00e9 a impress\u00e3o digital dos felinos: Assim como as impress\u00f5es digitais de humanos, cada gato tem um nariz que \u00e9 \u00fanico.<\/p>\n\n\n\n<p>10.Os gatos tamb\u00e9m suam: O felinos n\u00e3o t\u00eam gl\u00e2ndulas sudor\u00edparas como os humanos. Eles se refrescam pelas patas, por isso eles ficam com os membros para cima quando faz calor.<\/p>\n\n\n\n<h3 class=\"wp-block-heading\">Curiosidades sobre gatos alaranjados <\/h3>\n\n\n\n<p>Assim no site <a href=\"https:\/\/www.petlove.com.br\/dicas\/quatro-curiosidades-sobre-os-gatos-amarelinhos?msclkid=3dfc7e42459f1b1995f7187b06c9828c&amp;utm_source=bing&amp;utm_medium=cpc&amp;utm_campaign=pl_dsa-geral_bing_paid-search_psq_gen_conv_conversion_xx_xx_xx_br_core&amp;utm_term=petlove%20com&amp;utm_content=DSA\">Quatro curiosidades sobre os gatos laranjas | Petlove<\/a> podemos encontrar curiosidades a respeitos dos destes felinos.<\/p>\n\n\n\n<p><strong>Todos os gatos laranjas s\u00e3o tigrados?<\/strong><\/p>\n\n\n\n<p>Entre no Google e pesquise \u201cgatos laranjas\u201d. Mesmo que suas listras sejam fracas, elas est\u00e3o l\u00e1. Assim, enquanto todos os felinos s\u00e3o tigrados, nem todo tigrado \u00e9 laranja.<\/p>\n\n\n\n<p>A pelagem&nbsp;<em>tabby<\/em>, como tamb\u00e9m \u00e9 conhecida,&nbsp;\u00e9 apenas um padr\u00e3o, e n\u00e3o uma ra\u00e7a, como muita gente acha. Ou seja, as cores n\u00e3o definem a linhagem, mas sim as caracter\u00edsticas gen\u00e9ticas e fisiol\u00f3gicas, determinadas por um padr\u00e3o. Sendo assim, nem todos da mesma cor s\u00e3o da mesma ra\u00e7a. Por exemplo, nem todos os bichanos brancos s\u00e3o Persas, pois existem muitos outros SRD\u2019s que tamb\u00e9m s\u00e3o brancos.<\/p>\n\n\n\n<p><strong>Todos alaranjados s\u00e3o machos?<\/strong><\/p>\n\n\n\n<p>Muita gente se pergunta se realmente existe alguma gatinha alaranjada por a\u00ed.&nbsp;A verdade \u00e9 que<strong> <\/strong>sim!&nbsp;Existem muitas felinas deste tipo, s\u00f3 que em uma menor propor\u00e7\u00e3o, j\u00e1 que apenas 20% de gatos laranjas s\u00e3o f\u00eameas. E n\u00e3o \u00e9 nenhum tipo de m\u00e1gica \u2013 \u00e9 gen\u00e9tica!<\/p>\n\n\n\n<p>O cromossomo X \u00e9 respons\u00e1vel pela colora\u00e7\u00e3o laranja. As f\u00eameas possuem dois Xs e os machos XY. Portanto, uma gata laranja requer que o pai e a m\u00e3e transmitam os genes da laranja. Mas os machos precisam apenas do gene laranja de suas m\u00e3es. Tamb\u00e9m \u00e9 por essa quest\u00e3o que apenas as f\u00eameas podem ter tr\u00eas cores, pois \u00e9 preciso dois cromossomos X para a colora\u00e7\u00e3o ser tricolor.<\/p>\n\n\n\n<p><strong>Conhecidos como \u201cgatos de velcro\u201d<\/strong><\/p>\n\n\n\n<p>Cada bichano tem sua particularidade, mas os gatos laranjas t\u00eam uma&nbsp;respeit\u00e1vel fama de serem amantes de aten\u00e7\u00e3o. Al\u00e9m de serem uma m\u00e1quina de ronronar, eles buscam carinho a toda momento. Caso tenha um amarelinho dentro do lar e o classifica como carinhoso e pregui\u00e7oso, saiba que n\u00e3o est\u00e1 s\u00f3. Em 1973, George Ware, dono de um centro de felinos, determinou uma teoria em rela\u00e7\u00e3o ao temperamento dos gatos segundo as cores deles. Ele classificou os gatinhos amarelos como \u201cdescontra\u00eddos ao ponto de serem pregui\u00e7osos. Gostam de receber carinho mas n\u00e3o curtem ser agarrados nem abra\u00e7ados\u201d.<\/p>\n\n\n\n<div class=\"wp-block-contact-form-7-contact-form-selector\">\n<div class=\"wpcf7 no-js\" id=\"wpcf7-f234-o1\" lang=\"pt-BR\" dir=\"ltr\">\n<div class=\"screen-reader-response\"><p role=\"status\" aria-live=\"polite\" aria-atomic=\"true\"><\/p> <ul><\/ul><\/div>\n<form action=\"\/index.php\/wp-json\/wp\/v2\/pages\/165#wpcf7-f234-o1\" method=\"post\" class=\"wpcf7-form init\" aria-label=\"Formul\u00e1rios de contato\" novalidate=\"novalidate\" data-status=\"init\">\n<div style=\"display: none;\">\n<input type=\"hidden\" name=\"_wpcf7\" value=\"234\" \/>\n<input type=\"hidden\" name=\"_wpcf7_version\" value=\"5.9.3\" \/>\n<input type=\"hidden\" name=\"_wpcf7_locale\" value=\"pt_BR\" \/>\n<input type=\"hidden\" name=\"_wpcf7_unit_tag\" value=\"wpcf7-f234-o1\" \/>\n<input type=\"hidden\" name=\"_wpcf7_container_post\" value=\"0\" \/>\n<input type=\"hidden\" name=\"_wpcf7_posted_data_hash\" value=\"\" \/>\n<\/div>\n<p><label> Seu nome<br \/>\n<span class=\"wpcf7-form-control-wrap\" data-name=\"your-name\"><input size=\"40\" class=\"wpcf7-form-control wpcf7-text wpcf7-validates-as-required\" autocomplete=\"name\" aria-required=\"true\" aria-invalid=\"false\" value=\"\" type=\"text\" name=\"your-name\" \/><\/span> <\/label>\n<\/p>\n<p><label> Seu e-mail<br \/>\n<span class=\"wpcf7-form-control-wrap\" data-name=\"your-email\"><input size=\"40\" class=\"wpcf7-form-control wpcf7-email wpcf7-validates-as-required wpcf7-text wpcf7-validates-as-email\" autocomplete=\"email\" aria-required=\"true\" aria-invalid=\"false\" value=\"\" type=\"email\" name=\"your-email\" \/><\/span> <\/label>\n<\/p>\n<p><label> Cidade<br \/>\n<span class=\"wpcf7-form-control-wrap\" data-name=\"your-subject\"><input size=\"40\" class=\"wpcf7-form-control wpcf7-text wpcf7-validates-as-required\" aria-required=\"true\" aria-invalid=\"false\" value=\"\" type=\"text\" name=\"your-subject\" \/><\/span> <\/label>\n<\/p>\n<p><label> Voc\u00ea acha que os gatos s\u00e3o animais d\u00f3ceis ? <\/label>\n<\/p>\n<p><span class=\"wpcf7-form-control-wrap\" data-name=\"radio-973\"><span class=\"wpcf7-form-control wpcf7-radio\"><span class=\"wpcf7-list-item first\"><label><input type=\"radio\" name=\"radio-973\" value=\"Sim\" checked=\"checked\" \/><span class=\"wpcf7-list-item-label\">Sim<\/span><\/label><\/span><span class=\"wpcf7-list-item last\"><label><input type=\"radio\" name=\"radio-973\" value=\"N\u00e3o\" \/><span class=\"wpcf7-list-item-label\">N\u00e3o<\/span><\/label><\/span><\/span><\/span>\n<\/p>\n<p><label> Voc\u00ea gosta de gatos? O que julga importante para melhorar o cuidado com estes animais ? (deixe sua sugest\u00e3o)<br \/>\n<span class=\"wpcf7-form-control-wrap\" data-name=\"your-message\"><textarea cols=\"40\" rows=\"10\" class=\"wpcf7-form-control wpcf7-textarea\" aria-invalid=\"false\" name=\"your-message\"><\/textarea><\/span> <\/label>\n<\/p>\n<p><input class=\"wpcf7-form-control wpcf7-submit has-spinner\" type=\"submit\" value=\"Enviar\" \/>\n<\/p><div class=\"wpcf7-response-output\" aria-hidden=\"true\"><\/div>\n<\/form>\n<\/div>\n<\/div>\n","protected":false},"excerpt":{"rendered":"<p>Fatos relevantes sobre os felinos Alguns fatos sobre gatos segundo o site https:\/\/www.peritoanimal.com.br\/curiosidades-sobre-os-gatos-24131.html : 1.Leite n\u00e3o \u00e9 o melhor alimento para os felinos: A maioria dos gatos adultos desenvolve intoler\u00e2ncia \u00e0 lactose. Por isso, o leite de vaca n\u00e3o \u00e9 o alimento mais recomendado para esses animais. 2.Os gatos n\u00e3o percebem os sabores doces: Mesmo [&hellip;]<\/p>\n","protected":false},"author":3,"featured_media":0,"parent":0,"menu_order":0,"comment_status":"closed","ping_status":"closed","template":"","meta":{"saved_in_kubio":false,"footnotes":""},"kubio_ai_page_context":{"short_desc":"","purpose":"general"},"yoast_head":"<!-- This site is optimized with the Yoast SEO plugin v22.6 - https:\/\/yoast.com\/wordpress\/plugins\/seo\/ -->\n<title>Fatos interessantes sobre gatos - Catffeine<\/title>\n<meta name=\"description\" content=\"Os gatos s\u00e3o animais fascinantes. Desde seus h\u00e1bitos at\u00e9 sua fisiologia, eles apresentam diversas caracter\u00edsticas que s\u00e3o surpreendentes\" \/>\n<meta name=\"robots\" content=\"index, follow, max-snippet:-1, max-image-preview:large, max-video-preview:-1\" \/>\n<link rel=\"canonical\" href=\"https:\/\/gzs06.zappacorp.com\/index.php\/fatos-interessantes-sobre-gatos\/\" \/>\n<meta property=\"og:locale\" content=\"pt_BR\" \/>\n<meta property=\"og:type\" content=\"article\" \/>\n<meta property=\"og:title\" content=\"Fatos interessantes sobre gatos - Catffeine\" \/>\n<meta property=\"og:description\" content=\"Os gatos s\u00e3o animais fascinantes. Desde seus h\u00e1bitos at\u00e9 sua fisiologia, eles apresentam diversas caracter\u00edsticas que s\u00e3o surpreendentes\" \/>\n<meta property=\"og:url\" content=\"https:\/\/gzs06.zappacorp.com\/index.php\/fatos-interessantes-sobre-gatos\/\" \/>\n<meta property=\"og:site_name\" content=\"Catffeine\" \/>\n<meta property=\"article:modified_time\" content=\"2024-05-07T00:31:47+00:00\" \/>\n<meta property=\"og:image\" content=\"https:\/\/gzs06.zappacorp.com\/wp-content\/uploads\/2024\/04\/foto-de-gatos.jpg\" \/>\n<meta name=\"twitter:card\" content=\"summary_large_image\" \/>\n<meta name=\"twitter:label1\" content=\"Est. tempo de leitura\" \/>\n\t<meta name=\"twitter:data1\" content=\"4 minutos\" \/>\n<script type=\"application\/ld+json\" class=\"yoast-schema-graph\">{\"@context\":\"https:\/\/schema.org\",\"@graph\":[{\"@type\":\"WebPage\",\"@id\":\"https:\/\/gzs06.zappacorp.com\/index.php\/fatos-interessantes-sobre-gatos\/\",\"url\":\"https:\/\/gzs06.zappacorp.com\/index.php\/fatos-interessantes-sobre-gatos\/\",\"name\":\"Fatos interessantes sobre gatos - Catffeine\",\"isPartOf\":{\"@id\":\"https:\/\/gzs06.zappacorp.com\/#website\"},\"primaryImageOfPage\":{\"@id\":\"https:\/\/gzs06.zappacorp.com\/index.php\/fatos-interessantes-sobre-gatos\/#primaryimage\"},\"image\":{\"@id\":\"https:\/\/gzs06.zappacorp.com\/index.php\/fatos-interessantes-sobre-gatos\/#primaryimage\"},\"thumbnailUrl\":\"https:\/\/gzs06.zappacorp.com\/wp-content\/uploads\/2024\/04\/foto-de-gatos.jpg\",\"datePublished\":\"2024-04-29T03:04:27+00:00\",\"dateModified\":\"2024-05-07T00:31:47+00:00\",\"description\":\"Os gatos s\u00e3o animais fascinantes. Desde seus h\u00e1bitos at\u00e9 sua fisiologia, eles apresentam diversas caracter\u00edsticas que s\u00e3o surpreendentes\",\"breadcrumb\":{\"@id\":\"https:\/\/gzs06.zappacorp.com\/index.php\/fatos-interessantes-sobre-gatos\/#breadcrumb\"},\"inLanguage\":\"pt-BR\",\"potentialAction\":[{\"@type\":\"ReadAction\",\"target\":[\"https:\/\/gzs06.zappacorp.com\/index.php\/fatos-interessantes-sobre-gatos\/\"]}]},{\"@type\":\"ImageObject\",\"inLanguage\":\"pt-BR\",\"@id\":\"https:\/\/gzs06.zappacorp.com\/index.php\/fatos-interessantes-sobre-gatos\/#primaryimage\",\"url\":\"https:\/\/gzs06.zappacorp.com\/wp-content\/uploads\/2024\/04\/foto-de-gatos.jpg\",\"contentUrl\":\"https:\/\/gzs06.zappacorp.com\/wp-content\/uploads\/2024\/04\/foto-de-gatos.jpg\",\"width\":474,\"height\":258},{\"@type\":\"BreadcrumbList\",\"@id\":\"https:\/\/gzs06.zappacorp.com\/index.php\/fatos-interessantes-sobre-gatos\/#breadcrumb\",\"itemListElement\":[{\"@type\":\"ListItem\",\"position\":1,\"name\":\"In\u00edcio\",\"item\":\"https:\/\/gzs06.zappacorp.com\/\"},{\"@type\":\"ListItem\",\"position\":2,\"name\":\"Fatos interessantes sobre gatos\"}]},{\"@type\":\"WebSite\",\"@id\":\"https:\/\/gzs06.zappacorp.com\/#website\",\"url\":\"https:\/\/gzs06.zappacorp.com\/\",\"name\":\"Catffeine\",\"description\":\"\",\"publisher\":{\"@id\":\"https:\/\/gzs06.zappacorp.com\/#organization\"},\"potentialAction\":[{\"@type\":\"SearchAction\",\"target\":{\"@type\":\"EntryPoint\",\"urlTemplate\":\"https:\/\/gzs06.zappacorp.com\/?s={search_term_string}\"},\"query-input\":\"required name=search_term_string\"}],\"inLanguage\":\"pt-BR\"},{\"@type\":\"Organization\",\"@id\":\"https:\/\/gzs06.zappacorp.com\/#organization\",\"name\":\"Catffeine\",\"url\":\"https:\/\/gzs06.zappacorp.com\/\",\"logo\":{\"@type\":\"ImageObject\",\"inLanguage\":\"pt-BR\",\"@id\":\"https:\/\/gzs06.zappacorp.com\/#\/schema\/logo\/image\/\",\"url\":\"https:\/\/gzs06.zappacorp.com\/wp-content\/uploads\/2024\/04\/Captura-de-tela_2-4-2024_141347_.jpeg\",\"contentUrl\":\"https:\/\/gzs06.zappacorp.com\/wp-content\/uploads\/2024\/04\/Captura-de-tela_2-4-2024_141347_.jpeg\",\"width\":554,\"height\":546,\"caption\":\"Catffeine\"},\"image\":{\"@id\":\"https:\/\/gzs06.zappacorp.com\/#\/schema\/logo\/image\/\"}}]}<\/script>\n<!-- \/ Yoast SEO plugin. -->","yoast_head_json":{"title":"Fatos interessantes sobre gatos - Catffeine","description":"Os gatos s\u00e3o animais fascinantes. Desde seus h\u00e1bitos at\u00e9 sua fisiologia, eles apresentam diversas caracter\u00edsticas que s\u00e3o surpreendentes","robots":{"index":"index","follow":"follow","max-snippet":"max-snippet:-1","max-image-preview":"max-image-preview:large","max-video-preview":"max-video-preview:-1"},"canonical":"https:\/\/gzs06.zappacorp.com\/index.php\/fatos-interessantes-sobre-gatos\/","og_locale":"pt_BR","og_type":"article","og_title":"Fatos interessantes sobre gatos - Catffeine","og_description":"Os gatos s\u00e3o animais fascinantes. Desde seus h\u00e1bitos at\u00e9 sua fisiologia, eles apresentam diversas caracter\u00edsticas que s\u00e3o surpreendentes","og_url":"https:\/\/gzs06.zappacorp.com\/index.php\/fatos-interessantes-sobre-gatos\/","og_site_name":"Catffeine","article_modified_time":"2024-05-07T00:31:47+00:00","og_image":[{"url":"https:\/\/gzs06.zappacorp.com\/wp-content\/uploads\/2024\/04\/foto-de-gatos.jpg"}],"twitter_card":"summary_large_image","twitter_misc":{"Est. tempo de leitura":"4 minutos"},"schema":{"@context":"https:\/\/schema.org","@graph":[{"@type":"WebPage","@id":"https:\/\/gzs06.zappacorp.com\/index.php\/fatos-interessantes-sobre-gatos\/","url":"https:\/\/gzs06.zappacorp.com\/index.php\/fatos-interessantes-sobre-gatos\/","name":"Fatos interessantes sobre gatos - Catffeine","isPartOf":{"@id":"https:\/\/gzs06.zappacorp.com\/#website"},"primaryImageOfPage":{"@id":"https:\/\/gzs06.zappacorp.com\/index.php\/fatos-interessantes-sobre-gatos\/#primaryimage"},"image":{"@id":"https:\/\/gzs06.zappacorp.com\/index.php\/fatos-interessantes-sobre-gatos\/#primaryimage"},"thumbnailUrl":"https:\/\/gzs06.zappacorp.com\/wp-content\/uploads\/2024\/04\/foto-de-gatos.jpg","datePublished":"2024-04-29T03:04:27+00:00","dateModified":"2024-05-07T00:31:47+00:00","description":"Os gatos s\u00e3o animais fascinantes. Desde seus h\u00e1bitos at\u00e9 sua fisiologia, eles apresentam diversas caracter\u00edsticas que s\u00e3o surpreendentes","breadcrumb":{"@id":"https:\/\/gzs06.zappacorp.com\/index.php\/fatos-interessantes-sobre-gatos\/#breadcrumb"},"inLanguage":"pt-BR","potentialAction":[{"@type":"ReadAction","target":["https:\/\/gzs06.zappacorp.com\/index.php\/fatos-interessantes-sobre-gatos\/"]}]},{"@type":"ImageObject","inLanguage":"pt-BR","@id":"https:\/\/gzs06.zappacorp.com\/index.php\/fatos-interessantes-sobre-gatos\/#primaryimage","url":"https:\/\/gzs06.zappacorp.com\/wp-content\/uploads\/2024\/04\/foto-de-gatos.jpg","contentUrl":"https:\/\/gzs06.zappacorp.com\/wp-content\/uploads\/2024\/04\/foto-de-gatos.jpg","width":474,"height":258},{"@type":"BreadcrumbList","@id":"https:\/\/gzs06.zappacorp.com\/index.php\/fatos-interessantes-sobre-gatos\/#breadcrumb","itemListElement":[{"@type":"ListItem","position":1,"name":"In\u00edcio","item":"https:\/\/gzs06.zappacorp.com\/"},{"@type":"ListItem","position":2,"name":"Fatos interessantes sobre gatos"}]},{"@type":"WebSite","@id":"https:\/\/gzs06.zappacorp.com\/#website","url":"https:\/\/gzs06.zappacorp.com\/","name":"Catffeine","description":"","publisher":{"@id":"https:\/\/gzs06.zappacorp.com\/#organization"},"potentialAction":[{"@type":"SearchAction","target":{"@type":"EntryPoint","urlTemplate":"https:\/\/gzs06.zappacorp.com\/?s={search_term_string}"},"query-input":"required name=search_term_string"}],"inLanguage":"pt-BR"},{"@type":"Organization","@id":"https:\/\/gzs06.zappacorp.com\/#organization","name":"Catffeine","url":"https:\/\/gzs06.zappacorp.com\/","logo":{"@type":"ImageObject","inLanguage":"pt-BR","@id":"https:\/\/gzs06.zappacorp.com\/#\/schema\/logo\/image\/","url":"https:\/\/gzs06.zappacorp.com\/wp-content\/uploads\/2024\/04\/Captura-de-tela_2-4-2024_141347_.jpeg","contentUrl":"https:\/\/gzs06.zappacorp.com\/wp-content\/uploads\/2024\/04\/Captura-de-tela_2-4-2024_141347_.jpeg","width":554,"height":546,"caption":"Catffeine"},"image":{"@id":"https:\/\/gzs06.zappacorp.com\/#\/schema\/logo\/image\/"}}]}},"_links":{"self":[{"href":"https:\/\/gzs06.zappacorp.com\/index.php\/wp-json\/wp\/v2\/pages\/165"}],"collection":[{"href":"https:\/\/gzs06.zappacorp.com\/index.php\/wp-json\/wp\/v2\/pages"}],"about":[{"href":"https:\/\/gzs06.zappacorp.com\/index.php\/wp-json\/wp\/v2\/types\/page"}],"author":[{"embeddable":true,"href":"https:\/\/gzs06.zappacorp.com\/index.php\/wp-json\/wp\/v2\/users\/3"}],"replies":[{"embeddable":true,"href":"https:\/\/gzs06.zappacorp.com\/index.php\/wp-json\/wp\/v2\/comments?post=165"}],"version-history":[{"count":7,"href":"https:\/\/gzs06.zappacorp.com\/index.php\/wp-json\/wp\/v2\/pages\/165\/revisions"}],"predecessor-version":[{"id":396,"href":"https:\/\/gzs06.zappacorp.com\/index.php\/wp-json\/wp\/v2\/pages\/165\/revisions\/396"}],"wp:attachment":[{"href":"https:\/\/gzs06.zappacorp.com\/index.php\/wp-json\/wp\/v2\/media?parent=165"}],"curies":[{"name":"wp","href":"https:\/\/api.w.org\/{rel}","templated":true}]}}